{"id":35583,"date":"2025-08-24T13:57:04","date_gmt":"2025-08-24T13:57:04","guid":{"rendered":"https:\/\/footjerseys.com\/?page_id=35583"},"modified":"2025-08-24T15:32:21","modified_gmt":"2025-08-24T15:32:21","slug":"shipping-policy","status":"publish","type":"page","link":"https:\/\/footjerseys.com\/de\/shipping-policy\/","title":{"rendered":"Versandpolitik"},"content":{"rendered":"<div data-elementor-type=\"wp-page\" data-elementor-id=\"35583\" class=\"elementor elementor-35583\" data-elementor-post-type=\"page\">\n\t\t\t\t<div class=\"elementor-element elementor-element-5d6f4108 e-flex e-con-boxed e-con e-parent\" data-id=\"5d6f4108\" data-element_type=\"container\">\n\t\t\t\t\t<div class=\"e-con-inner\">\n\t\t\t\t<div class=\"elementor-element elementor-element-322acbb4 elementor-widget elementor-widget-text-editor\" data-id=\"322acbb4\" data-element_type=\"widget\" data-widget_type=\"text-editor.default\">\n\t\t\t\t\t\t\t\t\t\n<h2>SCHIFFFAHRTSPOLITIK<\/h2>\n<p>\u00a0<\/p>\n<p>Footjerseys bietet nur f\u00fcr eine begrenzte Zeit eine kostenlose weltweite Lieferung auf alle Bestellungen.<\/p>\n\n<p>In der Regel dauert es 2-4 Werktage, bis unser Team Ihre Bestellung bearbeitet und versendet.<\/p>\n\n<p>Unsere Versandoptionen:<\/p>\n\n<p>Express: 3 - 8 Arbeitstage<\/p>\n\n<p>Standard (Versichert): 8 - 14 Arbeitstage<\/p>\n\n<p>Standard: 9 - 17 Arbeitstage<\/p>\n\n<p>Sobald Ihre Bestellung versandt wurde, erhalten Sie von uns eine Benachrichtigung mit Informationen zur Sendungsverfolgung Ihrer Bestellung.<\/p>\n\n<p>Was passiert, wenn ich meine Bestellung nicht erhalte?<\/p>\n\n<p>Sollten Sie Ihre Bestellung nicht erhalten haben, kontaktieren Sie uns bitte umgehend. Wir sind stolz auf unseren Kundenservice und sollten Sie Ihre Bestellung nicht rechtzeitig erhalten, werden wir unser Bestes tun, um Ihre Sendung zu finden und das Problem sofort zu beheben.<\/p>\n\n<p>Fehlgeschlagene Lieferung<\/p>\n\n<p>Wenn das Paket aus Gr\u00fcnden, die auf die fehlende Mitwirkung des Kunden zur\u00fcckzuf\u00fchren sind (falsche oder fehlerhafte Lieferadresse, abwesender Empf\u00e4nger), nicht an die angegebene Lieferadresse zugestellt werden kann, oder wenn der Kunde die Abholung des Pakets verweigert, wird das Paket an den Absender Footjerseys zur\u00fcckgeschickt.<\/p>\n\n<p>Footjerseys bietet dem Kunden eine Gutschrift in H\u00f6he seiner Bestellung an, abz\u00fcglich der Kosten f\u00fcr die fehlgeschlagene Lieferung, einschlie\u00dflich der Kosten f\u00fcr die R\u00fccksendung und eventueller Z\u00f6lle und Steuern, die auf das Paket anfallen; dieser Betrag wird von der Gesamtsumme der Bestellung abgezogen, die gutgeschrieben wird.<\/p>\n\n<p>Nicht erhaltene Sendungen, aber laut Sendungsverfolgung zugestellt<\/p>\n\n<p>Bitte beachten Sie, dass wir Sendungen, die als zugestellt verfolgt werden, nicht erstatten oder ersetzen. Aus diesem Grund empfehlen wir immer, dass Sie sich die Artikel an eine sichere Adresse liefern lassen.<\/p>\n\n<p>Falsche Adresse, aber Artikel bereits versandt<\/p>\n\n<p>Es liegt in Ihrer Verantwortung, die richtige Lieferadresse anzugeben. Wenn Sie w\u00e4hrend des Bestellvorgangs versehentlich eine falsche Adresse angeben, uns aber benachrichtigen, bevor Ihr Artikel versandt wird, werden wir uns bem\u00fchen, die Adresse auf die richtige zu \u00e4ndern (bitte beachten Sie, dass dies nicht garantiert werden kann). Wenn Sie uns jedoch informieren, nachdem Ihre Bestellung bereits versandt wurde, gilt dies als Ihr Fehler und wir bieten keine R\u00fcckerstattung an. Wir empfehlen Ihnen daher, Ihre Lieferadresse sorgf\u00e4ltig zu \u00fcberpr\u00fcfen und sicherzustellen, dass sie keine Fehler enth\u00e4lt. Sollte Ihnen ein Fehler unterlaufen, benachrichtigen Sie uns bitte, bevor Ihre Bestellung versandt wird, um eine Adress\u00e4nderung zu erhalten.<\/p>\n\n<p>Stornierungspolitik<\/p>\n\n<p>Wir bei Footjerseys sind bestrebt, unseren Kunden ein reibungsloses und zufriedenstellendes Einkaufserlebnis zu bieten. Wir verstehen, dass Umst\u00e4nde eintreten k\u00f6nnen, unter denen Sie eine Bestellung, die Sie bei uns aufgegeben haben, stornieren m\u00fcssen. Um Klarheit und Transparenz zu gew\u00e4hrleisten, haben wir die folgenden Stornierungsrichtlinien f\u00fcr Bestellungen aufgestellt:<\/p>\n\n<p>Anspruch auf Stornierung:<\/p>\n\n<p>Die Kunden k\u00f6nnen eine Bestellung stornieren, wenn sie die folgenden Kriterien erf\u00fcllt:<\/p>\n\n<p>Die Bestellung wurde noch nicht versandt oder erf\u00fcllt.<\/p>\n\n<p>Der Antrag auf Stornierung wird innerhalb des in dieser Richtlinie festgelegten Zeitrahmens gestellt.<\/p>\n\n<p>Die Bestellung umfasst keine personalisierten, ma\u00dfgeschneiderten oder auf Bestellung angefertigten Artikel, da diese Artikel aufgrund ihrer Einzigartigkeit in der Regel nicht erstattungsf\u00e4hig und nicht stornierbar sind.<\/p>\n\n<p>Zeitrahmen f\u00fcr die Annullierung:<\/p>\n\n<p>Der Kunde muss die Stornierung seiner Bestellung innerhalb eines Tages nach Aufgabe der Bestellung beantragen; diese Frist beginnt mit der Aufgabe der Bestellung.<\/p>\n\n<p>Stornierungsprozess:<\/p>\n\n<p>Um eine berechtigte Bestellung zu stornieren, gehen Sie bitte folgenderma\u00dfen vor:<\/p>\n\n<p>Kontaktieren Sie unseren Kundendienst per Telefon, E-Mail oder Live-Chat.<\/p>\n\n<p>Geben Sie die erforderlichen Details an, darunter Ihre Bestellnummer, den Kundennamen und den Grund f\u00fcr die Stornierung.<\/p>\n\n<p>Unser Kundenbetreuer wird Sie durch den Stornierungsprozess leiten und die Stornierungsanfrage best\u00e4tigen.<\/p>\n\n<p>Erstattungen und Geb\u00fchren:<\/p>\n\n<p>Wenn Ihr Stornierungsantrag innerhalb des zul\u00e4ssigen Zeitrahmens genehmigt wird und alle Kriterien erf\u00fcllt, erstatten wir Ihnen den gesamten f\u00fcr die stornierte Bestellung gezahlten Betrag mit der urspr\u00fcnglichen Zahlungsmethode.<\/p>\n\n<p>Bitte beachten Sie, dass anfallende Versandkosten, Steuern oder Bearbeitungsgeb\u00fchren (in H\u00f6he von 5% des Bestellwerts) je nach den Umst\u00e4nden nicht erstattet werden k\u00f6nnen.<\/p>\n\n<p>R\u00fcckerstattungen werden umgehend bearbeitet, aber die Zeit, die es dauert, bis der Betrag Ihrem Konto gutgeschrieben wird, kann je nach Finanzinstitut variieren.<\/p>\n\n<p>Ausnahmen und nicht stornierbare Auftr\u00e4ge:<\/p>\n\n<p>Einige Bestellungen k\u00f6nnen nicht storniert werden, z. B. personalisierte, ma\u00dfgeschneiderte oder auf Bestellung angefertigte Artikel.<\/p>\n\n<p>Au\u00dferdem k\u00f6nnen Bestellungen, die bereits versandt oder erf\u00fcllt wurden, nicht mehr storniert werden. In solchen F\u00e4llen k\u00f6nnen die Kunden unsere R\u00fcckgabe- und Umtauschbestimmungen zu Rate ziehen.<\/p>\n\n<p>Politische Aktualisierungen:<\/p>\n\n<p>Footjerseys beh\u00e4lt sich das Recht vor, diese Stornierungsbedingungen jederzeit und ohne vorherige Ank\u00fcndigung zu \u00e4ndern oder zu aktualisieren. Es liegt in der Verantwortung des Kunden, die Richtlinie regelm\u00e4\u00dfig zu \u00fcberpr\u00fcfen, um \u00fcber etwaige \u00c4nderungen informiert zu sein.<\/p>\n\n<p>Wir empfehlen Ihnen, diese Widerrufsbelehrung sorgf\u00e4ltig zu lesen, bevor Sie eine Bestellung bei uns aufgeben. Wenn Sie Fragen haben oder weitere Informationen ben\u00f6tigen, z\u00f6gern Sie bitte nicht, sich an unser Kundendienstteam zu wenden. Wir sind hier, um Sie zu unterst\u00fctzen und Ihre Zufriedenheit zu gew\u00e4hrleisten.<\/p>\n\t\t\t\t\t\t\t\t<\/div>\n\t\t\t\t\t<\/div>\n\t\t\t\t<\/div>\n\t\t\t\t<\/div>","protected":false},"excerpt":{"rendered":"<p>SHIPPING POLICY \u00a0 Footjerseys offers FREE Worldwide Delivery on all orders for a limited time only. It usually takes 2\u20134 business days for our team&#8230;<\/p>","protected":false},"author":2,"featured_media":0,"parent":0,"menu_order":0,"comment_status":"closed","ping_status":"closed","template":"","meta":{"footnotes":""},"class_list":["post-35583","page","type-page","status-publish","hentry"],"aioseo_notices":[],"_links":{"self":[{"href":"https:\/\/footjerseys.com\/de\/wp-json\/wp\/v2\/pages\/35583","targetHints":{"allow":["GET"]}}],"collection":[{"href":"https:\/\/footjerseys.com\/de\/wp-json\/wp\/v2\/pages"}],"about":[{"href":"https:\/\/footjerseys.com\/de\/wp-json\/wp\/v2\/types\/page"}],"author":[{"embeddable":true,"href":"https:\/\/footjerseys.com\/de\/wp-json\/wp\/v2\/users\/2"}],"replies":[{"embeddable":true,"href":"https:\/\/footjerseys.com\/de\/wp-json\/wp\/v2\/comments?post=35583"}],"version-history":[{"count":4,"href":"https:\/\/footjerseys.com\/de\/wp-json\/wp\/v2\/pages\/35583\/revisions"}],"predecessor-version":[{"id":35587,"href":"https:\/\/footjerseys.com\/de\/wp-json\/wp\/v2\/pages\/35583\/revisions\/35587"}],"wp:attachment":[{"href":"https:\/\/footjerseys.com\/de\/wp-json\/wp\/v2\/media?parent=35583"}],"curies":[{"name":"wp","href":"https:\/\/api.w.org\/{rel}","templated":true}]}}