{"id":35590,"date":"2025-08-24T14:01:30","date_gmt":"2025-08-24T14:01:30","guid":{"rendered":"https:\/\/footjerseys.com\/?page_id=35590"},"modified":"2025-08-24T14:01:31","modified_gmt":"2025-08-24T14:01:31","slug":"return-and-refund-policy","status":"publish","type":"page","link":"https:\/\/footjerseys.com\/de\/return-and-refund-policy\/","title":{"rendered":"R\u00fcckgabe- und Erstattungsbedingungen"},"content":{"rendered":"<p>R\u00fcckgabe- und Erstattungsbedingungen<\/p>\n\n\n\n<p>Footjerseys\u2122 hat sich zu einem hervorragenden Kundenservice verpflichtet. Wir m\u00f6chten, dass jeder Kunde mit seinem Kauf zufrieden ist. Wir sind stolz auf die Waren, die wir verkaufen, und tun alles, um sicherzustellen, dass Sie zufrieden sind. Wenn Sie aus irgendeinem Grund mit Ihrem Kauf nicht zufrieden sind, kontaktieren Sie uns bitte unter contact@footjerseys.com<\/p>\n\n\n\n<p>und wir werden mit Ihnen zusammenarbeiten, um das Problem so effizient wie m\u00f6glich zu l\u00f6sen.<\/p>\n\n\n\n<p>Wir haben ein 10-t\u00e4giges R\u00fcckgabe- bzw. Umtauschrecht, d. h. Sie haben 10 Tage nach Erhalt Ihres Artikels Zeit, um eine R\u00fcckgabe oder einen Umtausch zu beantragen.<\/p>\n\n\n\n<p>Um f\u00fcr eine R\u00fcckgabe oder einen Umtausch in Frage zu kommen, muss sich Ihr Artikel in demselben Zustand befinden, in dem Sie ihn erhalten haben: ungetragen oder unbenutzt, mit Etiketten und in der Originalverpackung. Au\u00dferdem ben\u00f6tigen Sie die Quittung oder den Kaufbeleg.<\/p>\n\n\n\n<p>Um eine R\u00fcckgabe einzuleiten, k\u00f6nnen Sie uns unter contact@footjerseys.com kontaktieren.<\/p>\n\n\n\n<p>. Die R\u00fccksendeadresse und die Anweisungen f\u00fcr die R\u00fccksendung werden bereitgestellt, sobald der R\u00fccksendeantrag genehmigt ist.<\/p>\n\n\n\n<p>Sie k\u00f6nnen uns bei Fragen zur R\u00fcckgabe jederzeit unter contact@footjerseys.com kontaktieren.<\/p>\n\n\n\n<p>.<\/p>\n\n\n\n<p>Schadenersatz und Fragen<\/p>\n\n\n\n<p>Bitte \u00fcberpr\u00fcfen Sie Ihre Bestellung bei Erhalt und kontaktieren Sie uns sofort, wenn der Artikel defekt oder besch\u00e4digt ist oder wenn Sie den falschen Artikel erhalten haben, damit wir das Problem bewerten und beheben k\u00f6nnen.<\/p>\n\n\n\n<p>Wenn Sie ein besch\u00e4digtes Produkt erhalten, werden wir es unter allen Bedingungen ersetzen. Um einen Ersatz anzufordern, machen Sie bitte ein Foto des Schadens und senden Sie es uns per E-Mail. Sobald wir das Foto erhalten, werden wir eine geeignete L\u00f6sung finden oder einen Ersatz f\u00fcr das Produkt ausstellen.<\/p>\n\n\n\n<p>Ausnahmen \/ Nicht zur\u00fccknehmbare Artikel<\/p>\n\n\n\n<p>Bestimmte Arten von Artikeln k\u00f6nnen nicht zur\u00fcckgegeben werden, z. B. Sondertrikots, Sonderbestellungen oder personalisierte Artikel. Bitte setzen Sie sich mit uns in Verbindung, wenn Sie Fragen oder Bedenken zu Ihrem speziellen Artikel haben.<\/p>\n\n\n\n<p>Individuell gestaltete Produkte, Trikots, Sonderbestellungen oder personalisierte Artikel k\u00f6nnen nicht umgetauscht oder zur\u00fcckgegeben werden. Bestellungen mit Sonderangeboten oder Geschenkkarten k\u00f6nnen ebenfalls nicht zur\u00fcckgegeben werden.<\/p>\n\n\n\n<p>Tauschb\u00f6rsen<\/p>\n\n\n\n<p>Individuell gestaltete Produkte k\u00f6nnen nicht umgetauscht werden. F\u00fcr in Frage kommende Artikel, kontaktieren Sie uns bitte unter contact@footjerseys.com<\/p>\n\n\n\n<p>innerhalb von 10 Tagen nach Erhalt des Artikels, um einen Umtausch zu vereinbaren. Bitte beachten Sie, dass der Artikel in seinem urspr\u00fcnglichen Zustand und in der Originalverpackung sein muss, mit allen Etiketten und Anh\u00e4ngern.<\/p>\n\n\n\n<p>Wir bieten keine R\u00fccksendeetiketten an. Alle R\u00fccksendungen und Umtausch sind vom Kunden zu bezahlen.<\/p>\n\n\n\n<p>Wenn mehr als 15 Tage vergangen sind, seit wir Ihre R\u00fccksendung\/Umtausch genehmigt haben, kontaktieren Sie uns bitte unter contact@footjerseys.com<\/p>","protected":false},"excerpt":{"rendered":"<p>Return and Refund Policy Footjerseys\u2122 is committed to excellent customer service. We would like every customer to be satisfied with their purchase. We take pride&#8230;<\/p>","protected":false},"author":2,"featured_media":0,"parent":0,"menu_order":0,"comment_status":"closed","ping_status":"closed","template":"","meta":{"footnotes":""},"class_list":["post-35590","page","type-page","status-publish","hentry"],"aioseo_notices":[],"_links":{"self":[{"href":"https:\/\/footjerseys.com\/de\/wp-json\/wp\/v2\/pages\/35590","targetHints":{"allow":["GET"]}}],"collection":[{"href":"https:\/\/footjerseys.com\/de\/wp-json\/wp\/v2\/pages"}],"about":[{"href":"https:\/\/footjerseys.com\/de\/wp-json\/wp\/v2\/types\/page"}],"author":[{"embeddable":true,"href":"https:\/\/footjerseys.com\/de\/wp-json\/wp\/v2\/users\/2"}],"replies":[{"embeddable":true,"href":"https:\/\/footjerseys.com\/de\/wp-json\/wp\/v2\/comments?post=35590"}],"version-history":[{"count":1,"href":"https:\/\/footjerseys.com\/de\/wp-json\/wp\/v2\/pages\/35590\/revisions"}],"predecessor-version":[{"id":35591,"href":"https:\/\/footjerseys.com\/de\/wp-json\/wp\/v2\/pages\/35590\/revisions\/35591"}],"wp:attachment":[{"href":"https:\/\/footjerseys.com\/de\/wp-json\/wp\/v2\/media?parent=35590"}],"curies":[{"name":"wp","href":"https:\/\/api.w.org\/{rel}","templated":true}]}}