{"id":35629,"date":"2025-08-24T19:29:33","date_gmt":"2025-08-24T19:29:33","guid":{"rendered":"https:\/\/footjerseys.com\/?page_id=35629"},"modified":"2025-08-24T19:37:25","modified_gmt":"2025-08-24T19:37:25","slug":"size-chart","status":"publish","type":"page","link":"https:\/\/footjerseys.com\/de\/size-chart\/","title":{"rendered":"Gr\u00f6\u00dfentabelle"},"content":{"rendered":"<p class=\"has-text-align-center\"><strong>PRO TIPP: Unsere Trikots passen genau auf die Gr\u00f6\u00dfe.<\/strong><\/p>\n\n\n\n<p class=\"has-text-align-center\"><strong>F\u00fcr die genaueste Messung, beziehen Sie sich bitte auf die Gr\u00f6\u00dfentabelle.<\/strong><\/p>\n\n\n\n<p class=\"has-text-align-center\"><strong>Trikots Gr\u00f6\u00dfentabelle :<\/strong><\/p>\n\n\n\n<figure class=\"wp-block-image\"><img decoding=\"async\" src=\"https:\/\/cdn-ildppac.nitrocdn.com\/ypdzYBUBYdcFLNXFsGQozkDdAlwFiLzF\/assets\/images\/optimized\/rev-8baef45\/cdn.shopify.com\/s\/files\/1\/0878\/8528\/3651\/files\/d86105a013ef5dc3b758c4bce2ee7ee7.size_chart_2402f856-eae0-4078-ac6d-c51aabdae784_480x480.jpg\" alt=\"\"\/><\/figure>\n\n\n\n<p><strong>Trainingsanz\u00fcge Gr\u00f6\u00dfentabelle:<\/strong><\/p>\n\n\n\n<figure class=\"wp-block-image\"><img decoding=\"async\" src=\"https:\/\/cdn-ildppac.nitrocdn.com\/ypdzYBUBYdcFLNXFsGQozkDdAlwFiLzF\/assets\/images\/optimized\/rev-8baef45\/cdn.shopify.com\/s\/files\/1\/0878\/8528\/3651\/files\/ad4e4fe0fc62125a0d2ea841bbe50cd9.tracksuit_size_480x480.jpg\" alt=\"\"\/><\/figure>\n\n\n\n<p><strong>KINDER-GR\u00d6SSENTABELLE<\/strong><\/p>\n\n\n\n<figure class=\"wp-block-image\"><img decoding=\"async\" src=\"https:\/\/cdn-ildppac.nitrocdn.com\/ypdzYBUBYdcFLNXFsGQozkDdAlwFiLzF\/assets\/images\/optimized\/rev-8baef45\/cdn.shopify.com\/s\/files\/1\/0878\/8528\/3651\/files\/051dfd9331d92e3b1498f21aa01e0500.Screenshot_2024-07-11_at_18.30.49_480x480.png\" alt=\"\"\/><\/figure>\n\n\n\n<p><strong>Unsere Tipps f\u00fcr die Auswahl Ihrer FootJerseys Gr\u00f6\u00dfe:<\/strong><\/p>\n\n\n\n<p><strong>Wir wissen, wie wichtig es ist, die richtige Trikotgr\u00f6\u00dfe zu w\u00e4hlen, um eine bequeme und \u00e4sthetische Passform zu gew\u00e4hrleisten. Hier sind einige Tipps, die Ihnen bei der Auswahl helfen:<\/strong><\/p>\n\n\n\n<p><strong>Wenn Sie ein enger anliegendes Trikot w\u00fcnschen, empfehlen wir Ihnen, Ihre normale Gr\u00f6\u00dfe zu w\u00e4hlen. Dies gew\u00e4hrleistet eine perfekte Passform und betont Ihre Figur.<br>Wenn Sie ein etwas lockereres Trikot bevorzugen, k\u00f6nnen Sie sich f\u00fcr eine Nummer gr\u00f6\u00dfer als Ihre normale Gr\u00f6\u00dfe entscheiden. Das gibt Ihnen ein entspannteres Gef\u00fchl.<br>Basierend auf dem Feedback von \u00fcber 230.000 unserer Kunden w\u00e4hlt die Mehrheit ihre \u00fcbliche Gr\u00f6\u00dfe und ist damit zufrieden.<\/strong><\/p>\n\n\n\n<p><strong>Die endg\u00fcltige Wahl h\u00e4ngt jedoch von Ihren pers\u00f6nlichen Vorlieben und Ihrem Komfort ab. Wir verstehen, dass die Wahl der richtigen Gr\u00f6\u00dfe manchmal eine Herausforderung sein kann. Deshalb bieten wir einen Trikot-Umtausch an, wenn die Gr\u00f6\u00dfe nicht Ihren Erwartungen entspricht. Kontaktieren Sie uns einfach innerhalb von 30 Tagen nach Erhalt Ihrer Bestellung und bewahren Sie die Originalverpackung auf. Wir helfen Ihnen gerne, die richtige Gr\u00f6\u00dfe f\u00fcr Sie zu finden.<\/strong><\/p>\n\n\n\n<p><strong>Wir hoffen, dass Ihr Einkauf bei uns angenehm ist und Sie Ihr Trikot in vollen Z\u00fcgen genie\u00dfen k\u00f6nnen.<\/strong><\/p>\n\n\n\n<p><\/p>","protected":false},"excerpt":{"rendered":"<p>PRO TIP: Our jerseys fit true to size. For the most accurate measurement, please refer to the size chart. Jerseys Size Chart : Tracksuits Size&#8230;<\/p>","protected":false},"author":2,"featured_media":0,"parent":0,"menu_order":0,"comment_status":"closed","ping_status":"closed","template":"","meta":{"footnotes":""},"class_list":["post-35629","page","type-page","status-publish","hentry"],"aioseo_notices":[],"_links":{"self":[{"href":"https:\/\/footjerseys.com\/de\/wp-json\/wp\/v2\/pages\/35629","targetHints":{"allow":["GET"]}}],"collection":[{"href":"https:\/\/footjerseys.com\/de\/wp-json\/wp\/v2\/pages"}],"about":[{"href":"https:\/\/footjerseys.com\/de\/wp-json\/wp\/v2\/types\/page"}],"author":[{"embeddable":true,"href":"https:\/\/footjerseys.com\/de\/wp-json\/wp\/v2\/users\/2"}],"replies":[{"embeddable":true,"href":"https:\/\/footjerseys.com\/de\/wp-json\/wp\/v2\/comments?post=35629"}],"version-history":[{"count":2,"href":"https:\/\/footjerseys.com\/de\/wp-json\/wp\/v2\/pages\/35629\/revisions"}],"predecessor-version":[{"id":35631,"href":"https:\/\/footjerseys.com\/de\/wp-json\/wp\/v2\/pages\/35629\/revisions\/35631"}],"wp:attachment":[{"href":"https:\/\/footjerseys.com\/de\/wp-json\/wp\/v2\/media?parent=35629"}],"curies":[{"name":"wp","href":"https:\/\/api.w.org\/{rel}","templated":true}]}}