{"id":27415,"date":"2025-08-21T10:59:06","date_gmt":"2025-08-21T10:59:06","guid":{"rendered":"https:\/\/footjerseys.com\/products\/ac-milan-x-gucci-2024-2025-special-edition-kit\/"},"modified":"2025-11-16T17:31:43","modified_gmt":"2025-11-16T17:31:43","slug":"ac-milan-x-gucci-2024-2025-special-edition-kit","status":"publish","type":"product","link":"https:\/\/footjerseys.com\/de\/products\/ac-milan-x-gucci-2024-2025-special-edition-kit\/","title":{"rendered":"AC Milan x Gucci 2024\/2025 Sonderausgabe Trikot"},"content":{"rendered":"<p>Das AC Mailand x Gucci 2024\/2025 Special Edition Trikot ist eine bahnbrechende Kollaboration, die Luxusmode und Fu\u00dfballtradition miteinander verbindet. Dieses Trikot in limitierter Auflage verk\u00f6rpert die ber\u00fchmte Handwerkskunst und den einzigartigen Stil von Gucci und feiert die glanzvolle Reise des AC Mailand in der Saison 2024\/2025. Das AC Milan x Gucci 2024\/2025 Trikot zeigt die kultigen roten und schwarzen Streifen, die mit hochwertigen Stoffen und den charakteristischen Gucci-Akzenten f\u00fcr einen raffinierten, modernen Look sorgen.<\/p>\n<p>Diese exklusive Partnerschaft f\u00fcr die Saison 2024\/2025 symbolisiert die nahtlose Verschmelzung von Sport und High Fashion. Das AC Mailand x Gucci 2024\/2025 Trikot ist mit den emblematischen Logos von Gucci auf den \u00c4rmeln und dem Kragen verziert und setzt damit ein luxuri\u00f6ses Modestatement, das das fu\u00dfballerische Erbe von Mailand ehrt. Das Design repr\u00e4sentiert nicht nur die stolze Geschichte des Vereins, sondern ist auch ein hervorstechendes St\u00fcck auf und neben dem Spielfeld im Jahr 2024\/2025.<\/p>\n<p>Ob Sie nun von der Trib\u00fcne aus jubeln oder es in Ihre Modekollektion aufnehmen, das AC Milan x Gucci 2024\/2025 Special Edition Kit ist mehr als nur ein Trikot - es ist ein Kunstwerk, das Raffinesse, Leidenschaft und Stolz in jedem Stich symbolisiert. Diese limitierte Auflage ist ein absolutes Muss f\u00fcr modebewusste Fu\u00dfballfans in der Saison 2024\/2025.<\/p>","protected":false},"excerpt":{"rendered":"<p>The AC Milan x Gucci 2024\/2025 Special Edition Kit is a groundbreaking collaboration that fuses luxury fashion with football heritage. Celebrating AC Milan&#8217;s illustrious journey&#8230;<\/p>","protected":false},"featured_media":15419,"comment_status":"open","ping_status":"closed","template":"","meta":[],"etheme_brands":[],"product_brand":[],"product_cat":[357,25],"product_tag":[154,155,156],"class_list":{"0":"post-27415","1":"product","2":"type-product","3":"status-publish","4":"has-post-thumbnail","6":"product_cat-2024-2025-kits","7":"product_cat-all","8":"product_tag-ac-milan-gucci","9":"product_tag-ac-milan-jersey-24-25","10":"product_tag-jersey-ac-milan-gucci-24-25","12":"first","13":"instock","14":"taxable","15":"shipping-taxable","16":"purchasable","17":"product-type-variable"},"aioseo_notices":[],"_links":{"self":[{"href":"https:\/\/footjerseys.com\/de\/wp-json\/wp\/v2\/product\/27415","targetHints":{"allow":["GET"]}}],"collection":[{"href":"https:\/\/footjerseys.com\/de\/wp-json\/wp\/v2\/product"}],"about":[{"href":"https:\/\/footjerseys.com\/de\/wp-json\/wp\/v2\/types\/product"}],"replies":[{"embeddable":true,"href":"https:\/\/footjerseys.com\/de\/wp-json\/wp\/v2\/comments?post=27415"}],"version-history":[{"count":1,"href":"https:\/\/footjerseys.com\/de\/wp-json\/wp\/v2\/product\/27415\/revisions"}],"predecessor-version":[{"id":33994,"href":"https:\/\/footjerseys.com\/de\/wp-json\/wp\/v2\/product\/27415\/revisions\/33994"}],"wp:featuredmedia":[{"embeddable":true,"href":"https:\/\/footjerseys.com\/de\/wp-json\/wp\/v2\/media\/15419"}],"wp:attachment":[{"href":"https:\/\/footjerseys.com\/de\/wp-json\/wp\/v2\/media?parent=27415"}],"wp:term":[{"taxonomy":"brand","embeddable":true,"href":"https:\/\/footjerseys.com\/de\/wp-json\/wp\/v2\/etheme_brands?post=27415"},{"taxonomy":"product_brand","embeddable":true,"href":"https:\/\/footjerseys.com\/de\/wp-json\/wp\/v2\/product_brand?post=27415"},{"taxonomy":"product_cat","embeddable":true,"href":"https:\/\/footjerseys.com\/de\/wp-json\/wp\/v2\/product_cat?post=27415"},{"taxonomy":"product_tag","embeddable":true,"href":"https:\/\/footjerseys.com\/de\/wp-json\/wp\/v2\/product_tag?post=27415"}],"curies":[{"name":"wp","href":"https:\/\/api.w.org\/{rel}","templated":true}]}}