{"id":3876,"date":"2025-08-09T20:32:38","date_gmt":"2025-08-09T20:32:38","guid":{"rendered":"https:\/\/mediumpurple-chough-859003.hostingersite.com\/?post_type=product&#038;p=3876"},"modified":"2025-11-16T17:32:12","modified_gmt":"2025-11-16T17:32:12","slug":"25-26-club-america-away-jersey","status":"publish","type":"product","link":"https:\/\/footjerseys.com\/de\/products\/25-26-club-america-away-jersey\/","title":{"rendered":"25\/26 Club America Ausw\u00e4rtstrikot"},"content":{"rendered":"<h4 data-pm-slice=\"1 1 []\"><strong>25\/26 Club Am\u00e9rica Ausw\u00e4rtstrikot von Jersey Loco<\/strong><\/h4>\n<p>Mit dem 25\/26 Club Am\u00e9rica Ausw\u00e4rtstrikot von Nike kannst du deinen Am\u00e9rica-Stolz auch auf Reisen zeigen. Dieses Trikot, das f\u00fcr einen mutigen Ausdruck entworfen wurde und in der Tradition verwurzelt ist, feiert die Dominanz der \u00c1guilas \u00fcber die Mauern des Estadio Azteca hinaus.<\/p>\n<h4>Ikonisches Design f\u00fcr jeden Fan<\/h4>\n<p>Das Club Am\u00e9rica-Ausw\u00e4rtstrikot 25\/26 besticht durch seine marineblaue Grundfarbe mit leuchtenden goldenen Details, die einen starken Kontrast bilden und St\u00e4rke und Sieg symbolisieren. Mit dem gestickten Club Am\u00e9rica Wappen und dem Nike Logo verbindet dieses Trikot Tradition mit Innovation. Die Nike Dri-FIT-Technologie h\u00e4lt dich k\u00fchl und trocken, egal ob du auf dem Spielfeld oder im Publikum bist.<\/p>\n<h4>Feiern Sie den Geist von Las \u00c1guilas<\/h4>\n<p>Dieses Trikot verk\u00f6rpert die Leidenschaft und Unverw\u00fcstlichkeit von Ausw\u00e4rtsspielen. Es ist f\u00fcr Fans gemacht, die bei jedem Spiel die gleiche Energie mitbringen, egal ob zu Hause oder ausw\u00e4rts.<\/p>\n<h4>Entdecken Sie die Premium-Auswahl<\/h4>\n<p>Entdecken Sie weitere exklusive und internationale Team-Trikots in unseren umfangreichen Kollektionen. Jedes St\u00fcck spiegelt das Engagement von Jersey Loco f\u00fcr Qualit\u00e4t und Authentizit\u00e4t wider. St\u00f6bern Sie in einem \u00e4hnlichen Produkt wie dem <a href=\"https:\/\/jerseyloco.com\/product\/24-25-club-america-away-jersey\/\">24\/25 Club Am\u00e9rica Ausw\u00e4rtstrikot<\/a> oder erkunden Sie unser komplettes <a href=\"https:\/\/jerseyloco.com\/product-category\/leagues\/liga_mx_mexican_league\/\">Liga MX Kollektion<\/a> zur Vervollst\u00e4ndigung Ihrer Ausr\u00fcstung.<\/p>\n<h4>Einkaufen mit Zuversicht<\/h4>\n<p>Kaufen Sie noch heute das 25\/26 Club Am\u00e9rica-Ausw\u00e4rtstrikot und machen Sie Ihr Spieltagserlebnis perfekt. Mit Jersey Loco ist die Unterst\u00fctzung deines Teams nicht nur eine Tradition, sondern eine Lebenseinstellung. Finde jetzt deine perfekte Passform!<\/p>\n<p>PFLEGERICHTLINIEN F\u00dcR DAUERHAFTE LEISTUNG<\/p>\n<p>Befolgen Sie die folgenden Pflegeanweisungen, damit Ihr Trikot stets spielbereit ist:<\/p>\n<p>WASCHANLEITUNG<\/p>\n<ul data-spread=\"false\">\n<li>Nicht bleichen<\/li>\n<li>Nicht im Trockner trocknen<\/li>\n<li>Nicht chemisch reinigen<\/li>\n<li>Ausbessern mit einem k\u00fchlen B\u00fcgeleisen<\/li>\n<li>Maschinenw\u00e4sche kalt<\/li>\n<\/ul>\n<p>SPEZIFIKATIONEN<\/p>\n<ul data-spread=\"false\">\n<li>Normale Passform<\/li>\n<li>100% Polyester<\/li>\n<li>Gesticktes Wappen &amp; Nike Branding<\/li>\n<li>Eingef\u00fchrt<\/li>\n<\/ul>\n<p><a href=\"https:\/\/jerseyloco.com\/size-chart\/\">Unsere Gr\u00f6\u00dfentabelle anzeigen<\/a><\/p>","protected":false},"excerpt":{"rendered":"<p>25\/26 Club Am\u00e9rica Away Jersey From Jersey Loco Take your Am\u00e9rica pride on the road with the 25\/26 Club Am\u00e9rica Away Jersey by Nike. Designed&#8230;<\/p>","protected":false},"featured_media":3882,"comment_status":"open","ping_status":"closed","template":"","meta":[],"etheme_brands":[],"product_brand":[],"product_cat":[51],"product_tag":[],"class_list":{"0":"post-3876","1":"product","2":"type-product","3":"status-publish","4":"has-post-thumbnail","6":"product_cat-liga-mx","8":"first","9":"instock","10":"sale","11":"taxable","12":"shipping-taxable","13":"purchasable","14":"product-type-variable"},"aioseo_notices":[],"_links":{"self":[{"href":"https:\/\/footjerseys.com\/de\/wp-json\/wp\/v2\/product\/3876","targetHints":{"allow":["GET"]}}],"collection":[{"href":"https:\/\/footjerseys.com\/de\/wp-json\/wp\/v2\/product"}],"about":[{"href":"https:\/\/footjerseys.com\/de\/wp-json\/wp\/v2\/types\/product"}],"replies":[{"embeddable":true,"href":"https:\/\/footjerseys.com\/de\/wp-json\/wp\/v2\/comments?post=3876"}],"version-history":[{"count":1,"href":"https:\/\/footjerseys.com\/de\/wp-json\/wp\/v2\/product\/3876\/revisions"}],"predecessor-version":[{"id":3883,"href":"https:\/\/footjerseys.com\/de\/wp-json\/wp\/v2\/product\/3876\/revisions\/3883"}],"wp:featuredmedia":[{"embeddable":true,"href":"https:\/\/footjerseys.com\/de\/wp-json\/wp\/v2\/media\/3882"}],"wp:attachment":[{"href":"https:\/\/footjerseys.com\/de\/wp-json\/wp\/v2\/media?parent=3876"}],"wp:term":[{"taxonomy":"brand","embeddable":true,"href":"https:\/\/footjerseys.com\/de\/wp-json\/wp\/v2\/etheme_brands?post=3876"},{"taxonomy":"product_brand","embeddable":true,"href":"https:\/\/footjerseys.com\/de\/wp-json\/wp\/v2\/product_brand?post=3876"},{"taxonomy":"product_cat","embeddable":true,"href":"https:\/\/footjerseys.com\/de\/wp-json\/wp\/v2\/product_cat?post=3876"},{"taxonomy":"product_tag","embeddable":true,"href":"https:\/\/footjerseys.com\/de\/wp-json\/wp\/v2\/product_tag?post=3876"}],"curies":[{"name":"wp","href":"https:\/\/api.w.org\/{rel}","templated":true}]}}