{"id":5509,"date":"2025-08-20T16:24:07","date_gmt":"2025-08-20T16:24:07","guid":{"rendered":"https:\/\/footjerseys.com\/products\/1974-holland-netherlands-retro-kit\/"},"modified":"2025-11-16T17:31:59","modified_gmt":"2025-11-16T17:31:59","slug":"1974-holland-netherlands-retro-kit","status":"publish","type":"product","link":"https:\/\/footjerseys.com\/de\/products\/1974-holland-netherlands-retro-kit\/","title":{"rendered":"1974 Holland Niederlande Retro-Bausatz"},"content":{"rendered":"<p>Das Retro-Trikot der niederl\u00e4ndischen Nationalmannschaft von 1974 ist ein ikonisches Erinnerungsst\u00fcck, das die Essenz einer der ber\u00fchmtesten Mannschaften der Fu\u00dfballgeschichte einf\u00e4ngt. Dieses klassische Trikot, das von der legend\u00e4ren holl\u00e4ndischen Nationalmannschaft w\u00e4hrend ihrer Vorbereitung auf die Weltmeisterschaft 1974 getragen wurde, weist die unverwechselbare orange Farbe auf, die zum Synonym f\u00fcr den holl\u00e4ndischen Fu\u00dfball geworden ist. Das Retro-Trikot Holland Training 1974 verk\u00f6rpert das Flair und die Innovation der \u00c4ra des \"Totalen Fu\u00dfballs\", eines revolution\u00e4ren Spielstils, der die Fans begeisterte und den Sport unausl\u00f6schlich pr\u00e4gte. Das schlichte, aber mutige Design mit minimalistischen Details spiegelt den Fokus der Mannschaft auf Eleganz und Effizienz wider.<\/p>\n<p>Das mit viel Liebe zum Detail gefertigte Retro-Trikot von Holland Training 1974 spiegelt die urspr\u00fcngliche \u00c4sthetik mit modernem Komfort wider. Das weiche, atmungsaktive Material sorgt f\u00fcr eine bequeme Passform, w\u00e4hrend die Retro-Design-Elemente, wie der klassische Rundkragen und der einfache Schnitt, den Vintage-Charme der 1970er Jahre heraufbeschw\u00f6ren. Das Retro-Trikot Holland Training 1974 ist eine Hommage an die goldene \u00c4ra des holl\u00e4ndischen Fu\u00dfballs, angef\u00fchrt von legend\u00e4ren Spielern wie Johan Cruyff und Johan Neeskens. Es zelebriert das taktische Genie und den kreativen Geist, der die Mannschaft auszeichnete und die Fantasie der Fu\u00dfballfans weltweit befl\u00fcgelte.<\/p>\n<p>F\u00fcr Enthusiasten und Sammler ist das Retro-Trikot Holland Training 1974 mehr als nur ein Kleidungsst\u00fcck; es ist ein Symbol f\u00fcr eine revolution\u00e4re Periode der Fu\u00dfballgeschichte. Das Tragen dieses Trikots verbindet die Fans mit dem Erbe einer Mannschaft, die den Fu\u00dfball mit ihrem innovativen Stil und ihrer taktischen Brillanz neu definiert hat. Das Retro-Trikot Holland Training 1974 erinnert nicht nur an die Erfolge der niederl\u00e4ndischen Mannschaft, sondern auch an die zeitlose Attraktivit\u00e4t ihres Fu\u00dfballkonzepts. Es ist ein begehrtes St\u00fcck, das den Stolz und die Leidenschaft des holl\u00e4ndischen Fu\u00dfballs repr\u00e4sentiert und somit ein Muss f\u00fcr jeden Fan ist, der die Sch\u00f6nheit und Geschichte dieses Sports zu sch\u00e4tzen wei\u00df.<img decoding=\"async\" alt=\"\" src=\"https:\/\/footjerseys.com\/wp-content\/uploads\/2025\/08\/Screenshot_2024-08-05_at_22.49.42-1.png\"><\/p>\n<p><!----><\/p>","protected":false},"excerpt":{"rendered":"<p>The 1974 Holland Training retro kit is an iconic piece of football memorabilia that captures the essence of one of the most celebrated teams in&#8230;<\/p>","protected":false},"featured_media":7583,"comment_status":"open","ping_status":"closed","template":"","meta":[],"etheme_brands":[],"product_brand":[],"product_cat":[25,364],"product_tag":[98,99,95],"class_list":{"0":"post-5509","1":"product","2":"type-product","3":"status-publish","4":"has-post-thumbnail","6":"product_cat-all","7":"product_cat-retro-jerseys","8":"product_tag-holland","9":"product_tag-netherland","10":"product_tag-size","12":"first","13":"instock","14":"taxable","15":"shipping-taxable","16":"purchasable","17":"product-type-variable"},"aioseo_notices":[],"_links":{"self":[{"href":"https:\/\/footjerseys.com\/de\/wp-json\/wp\/v2\/product\/5509","targetHints":{"allow":["GET"]}}],"collection":[{"href":"https:\/\/footjerseys.com\/de\/wp-json\/wp\/v2\/product"}],"about":[{"href":"https:\/\/footjerseys.com\/de\/wp-json\/wp\/v2\/types\/product"}],"replies":[{"embeddable":true,"href":"https:\/\/footjerseys.com\/de\/wp-json\/wp\/v2\/comments?post=5509"}],"version-history":[{"count":4,"href":"https:\/\/footjerseys.com\/de\/wp-json\/wp\/v2\/product\/5509\/revisions"}],"predecessor-version":[{"id":34833,"href":"https:\/\/footjerseys.com\/de\/wp-json\/wp\/v2\/product\/5509\/revisions\/34833"}],"wp:featuredmedia":[{"embeddable":true,"href":"https:\/\/footjerseys.com\/de\/wp-json\/wp\/v2\/media\/7583"}],"wp:attachment":[{"href":"https:\/\/footjerseys.com\/de\/wp-json\/wp\/v2\/media?parent=5509"}],"wp:term":[{"taxonomy":"brand","embeddable":true,"href":"https:\/\/footjerseys.com\/de\/wp-json\/wp\/v2\/etheme_brands?post=5509"},{"taxonomy":"product_brand","embeddable":true,"href":"https:\/\/footjerseys.com\/de\/wp-json\/wp\/v2\/product_brand?post=5509"},{"taxonomy":"product_cat","embeddable":true,"href":"https:\/\/footjerseys.com\/de\/wp-json\/wp\/v2\/product_cat?post=5509"},{"taxonomy":"product_tag","embeddable":true,"href":"https:\/\/footjerseys.com\/de\/wp-json\/wp\/v2\/product_tag?post=5509"}],"curies":[{"name":"wp","href":"https:\/\/api.w.org\/{rel}","templated":true}]}}