{"id":5544,"date":"2025-08-20T16:24:12","date_gmt":"2025-08-20T16:24:12","guid":{"rendered":"https:\/\/footjerseys.com\/products\/1986-denmark-home-retro-kit\/"},"modified":"2025-11-16T17:31:58","modified_gmt":"2025-11-16T17:31:58","slug":"1986-denmark-home-retro-kit","status":"publish","type":"product","link":"https:\/\/footjerseys.com\/de\/products\/1986-denmark-home-retro-kit\/","title":{"rendered":"1986 D\u00e4nemark Heimtrikot retro"},"content":{"rendered":"<p>Das Retro-Heimtrikot der d\u00e4nischen Nationalmannschaft aus dem Jahr 1986 ist eine Ikone der Fu\u00dfballgeschichte, die durch ihr k\u00fchnes Design und ihre Assoziation mit der dynamischen Leistung D\u00e4nemarks bei der FIFA-Weltmeisterschaft in Mexiko in Erinnerung bleibt. Dieses Trikot ist ein Favorit unter Sammlern und Fans f\u00fcr seinen einzigartigen Stil und die Erinnerungen an das temperamentvolle Spiel der d\u00e4nischen Mannschaft w\u00e4hrend des Turniers. Das Design des Trikots spiegelt die lebhafte und gewagte Mode der Mitte der 1980er Jahre wider.<\/p>\n<p>Das Heimtrikot der d\u00e4nischen Nationalmannschaft von 1986 zeichnet sich durch ein auff\u00e4lliges Halb-und-Halb-Design aus, bei dem eine Seite des Trikots einfarbig rot und die andere Seite rot-wei\u00df gestreift ist. Diese k\u00fchne \u00e4sthetische Entscheidung hob es von anderen Trikots der damaligen Zeit ab und machte es auf dem Spielfeld sofort erkennbar.\u00a0<\/p>\n<p>Material und Konstruktion des Trikots spiegeln die technologischen Fortschritte in der Sportbekleidung der damaligen Zeit wider. Das Trikot wurde aus einer Mischung aus strapazierf\u00e4higen, atmungsaktiven Stoffen hergestellt, damit sich die Spieler in der gro\u00dfen Hitze des mexikanischen Sommers wohlf\u00fchlen. Die Passform war im Vergleich zu fr\u00fcheren Trikots etwas weiter geschnitten und bot eine moderne Silhouette, die eine bessere Bewegung und Leistung auf dem Spielfeld erm\u00f6glichte.<\/p>\n<p>Die Fu\u00dfballweltmeisterschaft 1986 war ein bedeutendes Ereignis f\u00fcr den d\u00e4nischen Fu\u00dfball, denn es war die erste Teilnahme D\u00e4nemarks an diesem Turnier. Die Mannschaft, die als \"Danish Dynamite\" bekannt wurde, beeindruckte die Welt mit ihrem offensiven Stil und ihrem technischen K\u00f6nnen. Unvergessliche Auftritte, darunter ein atemberaubender 6:1-Sieg gegen Uruguay, zeigten das Talent und das Flair von Spielern wie Michael Laudrup und Preben Elkj\u00e6r. Obwohl die Reise D\u00e4nemarks im Achtelfinale endete, hinterlie\u00df das spannende Spiel der Mannschaft einen bleibenden Eindruck.<\/p>\n<p>Heute wird das Retro-Heimtrikot der d\u00e4nischen Nationalmannschaft von 1986 als Symbol f\u00fcr eine goldene \u00c4ra des d\u00e4nischen Fu\u00dfballs gefeiert. Es steht nicht nur f\u00fcr das bemerkenswerte Deb\u00fct der Mannschaft auf der Weltb\u00fchne, sondern auch f\u00fcr den innovativen Geist der Sportmode der 1980er Jahre. Sammler und Fans sch\u00e4tzen dieses Trikot wegen seiner historischen Bedeutung und seines k\u00fchnen, stilvollen Designs, das nach wie vor Bewunderung und Nostalgie hervorruft.<\/p>\n<p><img decoding=\"async\" alt=\"\" src=\"https:\/\/footjerseys.com\/wp-content\/uploads\/2025\/08\/Screenshot_2025-03-06_at_23.32.43-1.png\"><\/p>\n<p><!----><\/p>","protected":false},"excerpt":{"rendered":"<p>The 1986 Denmark Home retro kit is an iconic piece of football history, remembered for its bold design and association with Denmark&#8217;s dynamic performance at&#8230;<\/p>","protected":false},"featured_media":7607,"comment_status":"open","ping_status":"closed","template":"","meta":[],"etheme_brands":[],"product_brand":[],"product_cat":[25,364],"product_tag":[104,95],"class_list":{"0":"post-5544","1":"product","2":"type-product","3":"status-publish","4":"has-post-thumbnail","6":"product_cat-all","7":"product_cat-retro-jerseys","8":"product_tag-denmark","9":"product_tag-size","11":"first","12":"instock","13":"taxable","14":"shipping-taxable","15":"purchasable","16":"product-type-variable"},"aioseo_notices":[],"_links":{"self":[{"href":"https:\/\/footjerseys.com\/de\/wp-json\/wp\/v2\/product\/5544","targetHints":{"allow":["GET"]}}],"collection":[{"href":"https:\/\/footjerseys.com\/de\/wp-json\/wp\/v2\/product"}],"about":[{"href":"https:\/\/footjerseys.com\/de\/wp-json\/wp\/v2\/types\/product"}],"replies":[{"embeddable":true,"href":"https:\/\/footjerseys.com\/de\/wp-json\/wp\/v2\/comments?post=5544"}],"version-history":[{"count":4,"href":"https:\/\/footjerseys.com\/de\/wp-json\/wp\/v2\/product\/5544\/revisions"}],"predecessor-version":[{"id":34836,"href":"https:\/\/footjerseys.com\/de\/wp-json\/wp\/v2\/product\/5544\/revisions\/34836"}],"wp:featuredmedia":[{"embeddable":true,"href":"https:\/\/footjerseys.com\/de\/wp-json\/wp\/v2\/media\/7607"}],"wp:attachment":[{"href":"https:\/\/footjerseys.com\/de\/wp-json\/wp\/v2\/media?parent=5544"}],"wp:term":[{"taxonomy":"brand","embeddable":true,"href":"https:\/\/footjerseys.com\/de\/wp-json\/wp\/v2\/etheme_brands?post=5544"},{"taxonomy":"product_brand","embeddable":true,"href":"https:\/\/footjerseys.com\/de\/wp-json\/wp\/v2\/product_brand?post=5544"},{"taxonomy":"product_cat","embeddable":true,"href":"https:\/\/footjerseys.com\/de\/wp-json\/wp\/v2\/product_cat?post=5544"},{"taxonomy":"product_tag","embeddable":true,"href":"https:\/\/footjerseys.com\/de\/wp-json\/wp\/v2\/product_tag?post=5544"}],"curies":[{"name":"wp","href":"https:\/\/api.w.org\/{rel}","templated":true}]}}