{"id":5641,"date":"2025-08-20T16:24:22","date_gmt":"2025-08-20T16:24:22","guid":{"rendered":"https:\/\/footjerseys.com\/products\/1991-1992-celtic-away-retro-kit\/"},"modified":"2025-11-16T17:31:58","modified_gmt":"2025-11-16T17:31:58","slug":"1991-1992-celtic-home-retro-kit","status":"publish","type":"product","link":"https:\/\/footjerseys.com\/de\/products\/1991-1992-celtic-home-retro-kit\/","title":{"rendered":"1991-1992 Celtic Ausw\u00e4rtstrikot im Retrolook"},"content":{"rendered":"<p>Das Retro-Ausw\u00e4rtstrikot 1991-1992 von Celtic ist ein ber\u00fchmtes St\u00fcck Fu\u00dfballnostalgie, das an eine ikonische \u00c4ra des Vereins erinnert. Dieses Retro-Ausw\u00e4rtstrikot verf\u00fcgt \u00fcber ein einzigartiges Design mit einer unverwechselbaren marineblauen Farbe, die mit subtilen gr\u00fcnen Akzenten und Mustern verziert ist. Das Trikot f\u00e4ngt die Essenz des Celtic-Ausw\u00e4rtsstils der fr\u00fchen 1990er Jahre ein und bietet den Fans einen Einblick in eine Zeit, in der das Team sein Flair auf der Stra\u00dfe pr\u00e4sentierte. Das klassische Celtic-Wappen und die Logos der Sponsoren unterstreichen die Authentizit\u00e4t und historische Bedeutung des Trikots.<\/p>\n<p>Das Celtic Away Retro Trikot 1991-1992 ist dem Originaldesign nachempfunden und besteht aus hochwertigen Materialien, die Vintage-\u00c4sthetik mit modernem Komfort verbinden. Der Stoff bietet Strapazierf\u00e4higkeit und eine bequeme Passform, so dass es sich sowohl f\u00fcr die Ausstellung als auch f\u00fcr Freizeitkleidung eignet. Das marineblaue Grundmaterial des Ausw\u00e4rtstrikots, gepaart mit gr\u00fcnen Details, spiegelt den k\u00fchnen und doch eleganten Stil wider, der die Ausw\u00e4rtstrikots von Celtic in dieser Zeit auszeichnete. Dieses Retro-Trikot zelebriert nicht nur das reiche Erbe des Vereins, sondern dient auch als stilvolle Repr\u00e4sentation der Geschichte des Teams.<\/p>\n<p>F\u00fcr Celtic-Fans und -Sammler ist das Celtic-Ausw\u00e4rts-Retrotrikot 1991-1992 mehr als nur ein Kleidungsst\u00fcck; es ist eine Hommage an ein denkw\u00fcrdiges Kapitel in der Geschichte des Vereins. Das Tragen dieses Trikots erm\u00f6glicht es den Fans, sich mit dem Verm\u00e4chtnis von Celtic w\u00e4hrend einer bedeutenden \u00c4ra zu verbinden, die von denkw\u00fcrdigen Spielen und ikonischen Momenten gepr\u00e4gt war. Ob als Zeichen der Treue, als Teil einer Sammlung oder einfach aus nostalgischen Gr\u00fcnden getragen, das 1991-1992 Celtic Away Retro Trikot bleibt ein gesch\u00e4tztes St\u00fcck, das den Geist und die Tradition des Celtic Football Club verk\u00f6rpert.<img decoding=\"async\" alt=\"\" src=\"https:\/\/footjerseys.com\/wp-content\/uploads\/2025\/08\/Screenshot_2024-08-06_at_00.07.07-1.png\"><\/p>\n<p><!----><\/p>","protected":false},"excerpt":{"rendered":"<p>The 1991-1992 Celtic Away Retro Kit is a celebrated piece of football nostalgia that harks back to an iconic era for the club. This retro&#8230;<\/p>","protected":false},"featured_media":7649,"comment_status":"open","ping_status":"closed","template":"","meta":[],"etheme_brands":[],"product_brand":[],"product_cat":[25,364],"product_tag":[94,100,95],"class_list":{"0":"post-5641","1":"product","2":"type-product","3":"status-publish","4":"has-post-thumbnail","6":"product_cat-all","7":"product_cat-retro-jerseys","8":"product_tag-celtic","9":"product_tag-fb_category_528","10":"product_tag-size","12":"first","13":"instock","14":"taxable","15":"shipping-taxable","16":"purchasable","17":"product-type-variable"},"aioseo_notices":[],"_links":{"self":[{"href":"https:\/\/footjerseys.com\/de\/wp-json\/wp\/v2\/product\/5641","targetHints":{"allow":["GET"]}}],"collection":[{"href":"https:\/\/footjerseys.com\/de\/wp-json\/wp\/v2\/product"}],"about":[{"href":"https:\/\/footjerseys.com\/de\/wp-json\/wp\/v2\/types\/product"}],"replies":[{"embeddable":true,"href":"https:\/\/footjerseys.com\/de\/wp-json\/wp\/v2\/comments?post=5641"}],"version-history":[{"count":4,"href":"https:\/\/footjerseys.com\/de\/wp-json\/wp\/v2\/product\/5641\/revisions"}],"predecessor-version":[{"id":34841,"href":"https:\/\/footjerseys.com\/de\/wp-json\/wp\/v2\/product\/5641\/revisions\/34841"}],"wp:featuredmedia":[{"embeddable":true,"href":"https:\/\/footjerseys.com\/de\/wp-json\/wp\/v2\/media\/7649"}],"wp:attachment":[{"href":"https:\/\/footjerseys.com\/de\/wp-json\/wp\/v2\/media?parent=5641"}],"wp:term":[{"taxonomy":"brand","embeddable":true,"href":"https:\/\/footjerseys.com\/de\/wp-json\/wp\/v2\/etheme_brands?post=5641"},{"taxonomy":"product_brand","embeddable":true,"href":"https:\/\/footjerseys.com\/de\/wp-json\/wp\/v2\/product_brand?post=5641"},{"taxonomy":"product_cat","embeddable":true,"href":"https:\/\/footjerseys.com\/de\/wp-json\/wp\/v2\/product_cat?post=5641"},{"taxonomy":"product_tag","embeddable":true,"href":"https:\/\/footjerseys.com\/de\/wp-json\/wp\/v2\/product_tag?post=5641"}],"curies":[{"name":"wp","href":"https:\/\/api.w.org\/{rel}","templated":true}]}}