{"id":35590,"date":"2025-08-24T14:01:30","date_gmt":"2025-08-24T14:01:30","guid":{"rendered":"https:\/\/footjerseys.com\/?page_id=35590"},"modified":"2025-08-24T14:01:31","modified_gmt":"2025-08-24T14:01:31","slug":"return-and-refund-policy","status":"publish","type":"page","link":"https:\/\/footjerseys.com\/es\/return-and-refund-policy\/","title":{"rendered":"Pol\u00edtica de devoluciones y reembolsos"},"content":{"rendered":"<p>Pol\u00edtica de devoluciones y reembolsos<\/p>\n\n\n\n<p>Footjerseys\u2122 se compromete a ofrecer un excelente servicio al cliente. Nos gustar\u00eda que cada cliente est\u00e9 satisfecho con su compra. Estamos orgullosos de la mercanc\u00eda que vendemos y tomamos todas las medidas posibles para asegurarnos de que est\u00e9 satisfecho. Si usted no est\u00e1 satisfecho con su compra por cualquier raz\u00f3n, por favor p\u00f3ngase en contacto con nosotros en contact@footjerseys.com<\/p>\n\n\n\n<p>y trabajaremos con usted para resolver el problema de la forma m\u00e1s eficaz posible.<\/p>\n\n\n\n<p>Tenemos una pol\u00edtica de cambios y devoluciones de 10 d\u00edas, lo que significa que dispone de 10 d\u00edas despu\u00e9s de recibir el art\u00edculo para solicitar una devoluci\u00f3n o un cambio.<\/p>\n\n\n\n<p>Para poder optar a una devoluci\u00f3n o cambio, el art\u00edculo debe estar en las mismas condiciones en las que lo recibiste: sin usar, con las etiquetas y en su embalaje original. Tambi\u00e9n necesitar\u00e1s el recibo o la prueba de compra.<\/p>\n\n\n\n<p>Para iniciar una devoluci\u00f3n, puede ponerse en contacto con nosotros en contact@footjerseys.com.<\/p>\n\n\n\n<p>. La direcci\u00f3n de env\u00edo y las instrucciones para la devoluci\u00f3n se facilitar\u00e1n una vez aprobada la solicitud de devoluci\u00f3n.<\/p>\n\n\n\n<p>Siempre puede ponerse en contacto con nosotros para cualquier consulta sobre devoluciones en contact@footjerseys.com.<\/p>\n\n\n\n<p>.<\/p>\n\n\n\n<p>Da\u00f1os y perjuicios<\/p>\n\n\n\n<p>Por favor, inspeccione su pedido al recibirlo y p\u00f3ngase en contacto con nosotros inmediatamente si el art\u00edculo est\u00e1 defectuoso, da\u00f1ado o si recibe un art\u00edculo equivocado, para que podamos evaluar el problema y solucionarlo.<\/p>\n\n\n\n<p>Si recibe un producto da\u00f1ado, se lo cambiaremos en todas las condiciones. Para solicitar la sustituci\u00f3n, haga una foto del da\u00f1o y env\u00edenosla por correo electr\u00f3nico. Una vez que recibamos la foto, buscaremos una soluci\u00f3n adecuada o emitiremos un reemplazo del producto.<\/p>\n\n\n\n<p>Excepciones \/ Art\u00edculos no retornables<\/p>\n\n\n\n<p>Ciertos tipos de art\u00edculos no pueden devolverse, como las camisetas personalizadas, los pedidos especiales o los art\u00edculos personalizados. Ponte en contacto con nosotros si tienes dudas o preguntas sobre un art\u00edculo concreto.<\/p>\n\n\n\n<p>Los productos personalizados, camisetas a medida, pedidos especiales o art\u00edculos personalizados no se pueden cambiar ni devolver. Los pedidos con promociones, o tarjetas regalo, tampoco admiten devoluciones.<\/p>\n\n\n\n<p>Intercambios<\/p>\n\n\n\n<p>Los productos personalizados no se pueden cambiar. Para los art\u00edculos elegibles, p\u00f3ngase en contacto con nosotros en contact@footjerseys.com<\/p>\n\n\n\n<p>en un plazo de 10 d\u00edas a partir de la recepci\u00f3n del art\u00edculo para organizar un cambio. Tenga en cuenta que el art\u00edculo debe estar en su estado y embalaje originales, con todas las etiquetas puestas.<\/p>\n\n\n\n<p>No ofrecemos etiquetas de env\u00edo para devoluciones. Todas las devoluciones y cambios correr\u00e1n a cargo de los clientes.<\/p>\n\n\n\n<p>Si han transcurrido m\u00e1s de 15 d\u00edas desde que aprobamos su devoluci\u00f3n\/cambio, p\u00f3ngase en contacto con nosotros en contact@footjerseys.com.<\/p>","protected":false},"excerpt":{"rendered":"<p>Return and Refund Policy Footjerseys\u2122 is committed to excellent customer service. We would like every customer to be satisfied with their purchase. We take pride&#8230;<\/p>","protected":false},"author":2,"featured_media":0,"parent":0,"menu_order":0,"comment_status":"closed","ping_status":"closed","template":"","meta":{"footnotes":""},"class_list":["post-35590","page","type-page","status-publish","hentry"],"aioseo_notices":[],"_links":{"self":[{"href":"https:\/\/footjerseys.com\/es\/wp-json\/wp\/v2\/pages\/35590","targetHints":{"allow":["GET"]}}],"collection":[{"href":"https:\/\/footjerseys.com\/es\/wp-json\/wp\/v2\/pages"}],"about":[{"href":"https:\/\/footjerseys.com\/es\/wp-json\/wp\/v2\/types\/page"}],"author":[{"embeddable":true,"href":"https:\/\/footjerseys.com\/es\/wp-json\/wp\/v2\/users\/2"}],"replies":[{"embeddable":true,"href":"https:\/\/footjerseys.com\/es\/wp-json\/wp\/v2\/comments?post=35590"}],"version-history":[{"count":1,"href":"https:\/\/footjerseys.com\/es\/wp-json\/wp\/v2\/pages\/35590\/revisions"}],"predecessor-version":[{"id":35591,"href":"https:\/\/footjerseys.com\/es\/wp-json\/wp\/v2\/pages\/35590\/revisions\/35591"}],"wp:attachment":[{"href":"https:\/\/footjerseys.com\/es\/wp-json\/wp\/v2\/media?parent=35590"}],"curies":[{"name":"wp","href":"https:\/\/api.w.org\/{rel}","templated":true}]}}