{"id":35629,"date":"2025-08-24T19:29:33","date_gmt":"2025-08-24T19:29:33","guid":{"rendered":"https:\/\/footjerseys.com\/?page_id=35629"},"modified":"2025-08-24T19:37:25","modified_gmt":"2025-08-24T19:37:25","slug":"size-chart","status":"publish","type":"page","link":"https:\/\/footjerseys.com\/es\/size-chart\/","title":{"rendered":"Tabla de tallas"},"content":{"rendered":"<p class=\"has-text-align-center\"><strong>CONSEJO PROFESIONAL: Nuestras camisetas se ajustan a la talla.<\/strong><\/p>\n\n\n\n<p class=\"has-text-align-center\"><strong>Para una medici\u00f3n m\u00e1s precisa, consulte la tabla de tallas.<\/strong><\/p>\n\n\n\n<p class=\"has-text-align-center\"><strong>Tabla de tallas de jerseys :<\/strong><\/p>\n\n\n\n<figure class=\"wp-block-image\"><img decoding=\"async\" src=\"https:\/\/cdn-ildppac.nitrocdn.com\/ypdzYBUBYdcFLNXFsGQozkDdAlwFiLzF\/assets\/images\/optimized\/rev-8baef45\/cdn.shopify.com\/s\/files\/1\/0878\/8528\/3651\/files\/d86105a013ef5dc3b758c4bce2ee7ee7.size_chart_2402f856-eae0-4078-ac6d-c51aabdae784_480x480.jpg\" alt=\"\"\/><\/figure>\n\n\n\n<p><strong>Tabla de tallas de ch\u00e1ndales:<\/strong><\/p>\n\n\n\n<figure class=\"wp-block-image\"><img decoding=\"async\" src=\"https:\/\/cdn-ildppac.nitrocdn.com\/ypdzYBUBYdcFLNXFsGQozkDdAlwFiLzF\/assets\/images\/optimized\/rev-8baef45\/cdn.shopify.com\/s\/files\/1\/0878\/8528\/3651\/files\/ad4e4fe0fc62125a0d2ea841bbe50cd9.tracksuit_size_480x480.jpg\" alt=\"\"\/><\/figure>\n\n\n\n<p><strong>TABLA DE TALLAS PARA NI\u00d1OS<\/strong><\/p>\n\n\n\n<figure class=\"wp-block-image\"><img decoding=\"async\" src=\"https:\/\/cdn-ildppac.nitrocdn.com\/ypdzYBUBYdcFLNXFsGQozkDdAlwFiLzF\/assets\/images\/optimized\/rev-8baef45\/cdn.shopify.com\/s\/files\/1\/0878\/8528\/3651\/files\/051dfd9331d92e3b1498f21aa01e0500.Screenshot_2024-07-11_at_18.30.49_480x480.png\" alt=\"\"\/><\/figure>\n\n\n\n<p><strong>Nuestros consejos para elegir tu talla de FootJerseys:<\/strong><\/p>\n\n\n\n<p><strong>Somos conscientes de la importancia de elegir la talla correcta de maillot para un ajuste c\u00f3modo y est\u00e9tico. Aqu\u00ed tienes algunos consejos que te ayudar\u00e1n en tu elecci\u00f3n:<\/strong><\/p>\n\n\n\n<p><strong>Si desea un maillot m\u00e1s ce\u00f1ido, le recomendamos que seleccione su talla habitual. As\u00ed te asegurar\u00e1s un ajuste perfecto y resaltar\u00e1s tu figura.<br>Si prefieres un maillot un poco m\u00e1s holgado, puedes optar por una talla m\u00e1s grande que tu talla habitual. As\u00ed tendr\u00e1s una sensaci\u00f3n m\u00e1s relajada.<br>Bas\u00e1ndonos en las opiniones de m\u00e1s de 230.000 de nuestros clientes, la mayor\u00eda elige su talla habitual y est\u00e1 contenta con ella.<\/strong><\/p>\n\n\n\n<p><strong>Sin embargo, la elecci\u00f3n final depende de sus preferencias personales y de su comodidad. Entendemos que elegir la talla adecuada a veces puede ser un reto, por eso ofrecemos un cambio de maillot si la talla no cumple sus expectativas. S\u00f3lo tiene que ponerse en contacto con nosotros en los 30 d\u00edas siguientes a la recepci\u00f3n de su pedido, conservando el embalaje original, y estaremos encantados de ayudarle a encontrar la talla adecuada para usted.<\/strong><\/p>\n\n\n\n<p><strong>Esperamos que su experiencia de compra con nosotros sea agradable y que disfrute al m\u00e1ximo de su maillot.<\/strong><\/p>\n\n\n\n<p><\/p>","protected":false},"excerpt":{"rendered":"<p>PRO TIP: Our jerseys fit true to size. For the most accurate measurement, please refer to the size chart. Jerseys Size Chart : Tracksuits Size&#8230;<\/p>","protected":false},"author":2,"featured_media":0,"parent":0,"menu_order":0,"comment_status":"closed","ping_status":"closed","template":"","meta":{"footnotes":""},"class_list":["post-35629","page","type-page","status-publish","hentry"],"aioseo_notices":[],"_links":{"self":[{"href":"https:\/\/footjerseys.com\/es\/wp-json\/wp\/v2\/pages\/35629","targetHints":{"allow":["GET"]}}],"collection":[{"href":"https:\/\/footjerseys.com\/es\/wp-json\/wp\/v2\/pages"}],"about":[{"href":"https:\/\/footjerseys.com\/es\/wp-json\/wp\/v2\/types\/page"}],"author":[{"embeddable":true,"href":"https:\/\/footjerseys.com\/es\/wp-json\/wp\/v2\/users\/2"}],"replies":[{"embeddable":true,"href":"https:\/\/footjerseys.com\/es\/wp-json\/wp\/v2\/comments?post=35629"}],"version-history":[{"count":2,"href":"https:\/\/footjerseys.com\/es\/wp-json\/wp\/v2\/pages\/35629\/revisions"}],"predecessor-version":[{"id":35631,"href":"https:\/\/footjerseys.com\/es\/wp-json\/wp\/v2\/pages\/35629\/revisions\/35631"}],"wp:attachment":[{"href":"https:\/\/footjerseys.com\/es\/wp-json\/wp\/v2\/media?parent=35629"}],"curies":[{"name":"wp","href":"https:\/\/api.w.org\/{rel}","templated":true}]}}