{"id":3348,"date":"2025-08-09T16:16:09","date_gmt":"2025-08-09T16:16:09","guid":{"rendered":"https:\/\/mediumpurple-chough-859003.hostingersite.com\/?post_type=product&#038;p=3348"},"modified":"2025-11-16T17:32:14","modified_gmt":"2025-11-16T17:32:14","slug":"25-26-womens-bayern-munich-away-jersey","status":"publish","type":"product","link":"https:\/\/footjerseys.com\/es\/products\/25-26-womens-bayern-munich-away-jersey\/","title":{"rendered":"25\/26 Women\u2019s Bayern Munich Away Jersey"},"content":{"rendered":"<h4 data-pm-slice=\"1 1 []\"><strong>The 25\/26 Bayern Munich Home Jersey From Jersey Loco<\/strong><\/h4>\n<p>Stand proud with the 25\/26 Bayern Munich Home Jersey\u2014an iconic representation of Germany\u2019s most successful club. This kit is a blend of timeless red heritage and innovative design, crafted for the champions of today and tomorrow.<\/p>\n<h4>Dise\u00f1o ic\u00f3nico para todos los fans<\/h4>\n<p>The 25\/26 Bayern Munich Home Jersey returns to the club\u2019s classic all-red roots, now updated with bold vertical tonal striping that adds texture and depth. White accents line the collar and sleeves for a clean contrast, while the embroidered Bayern Munich crest and Adidas logo shine proudly across the chest. Built with lightweight AEROREADY fabric, this jersey keeps you cool, dry, and match-ready in every situation.<\/p>\n<h4>Celebra el esp\u00edritu del Bayern de M\u00fanich<\/h4>\n<p>From historic title wins at Allianz Arena to international glory, this jersey represents the dominance, passion, and discipline that define Die Roten. Whether you\u2019re cheering on the squad or representing from afar, this jersey lets you wear the heart of Munich wherever you go.<\/p>\n<h4>Explore las selecciones Premium<\/h4>\n<p>Descubre m\u00e1s camisetas exclusivas de equipos internacionales en nuestras amplias colecciones. Cada pieza refleja el compromiso inquebrantable de Jersey Loco con la calidad, ayud\u00e1ndote a crear el vestuario definitivo para el d\u00eda del partido. Echa un vistazo a nuestras \u00faltimas novedades <a href=\"https:\/\/www.jerseyloco.com\/collections\/latest-arrivals\">aqu\u00ed<\/a> para encontrar el complemento perfecto para su colecci\u00f3n.<\/p>\n<p><span style=\"color: #000000;font-size: 1.41575em\">Pautas de cuidado para la perfecci\u00f3n<\/span><\/p>\n<p><span style=\"color: #000000\">Mantenga el aspecto impecable de su maillot con nuestras completas instrucciones de lavado. Evita la lej\u00eda, la secadora y la limpieza en seco, y opta por el planchado en fr\u00edo y el lavado a m\u00e1quina en fr\u00edo para preservar la integridad del tejido.<\/span><\/p>\n<div class=\"care-instructions___2VxDM\">\n<h5 class=\"gl-no-margin-bottom\"><span style=\"color: #000000\"><strong>INSTRUCCIONES DE LAVADO<\/strong><\/span><\/h5>\n<ul class=\"gl-list--s\">\n<li style=\"list-style-type: none\">\n<ul class=\"gl-list--s\">\n<li class=\"gl-vspace-bpall-small\"><span style=\"color: #000000\"><img loading=\"lazy\" decoding=\"async\" src=\"https:\/\/jerseyloco.com\/wp-content\/uploads\/2020\/02\/donotbleach.png\" alt=\"\" width=\"24\" height=\"24\" data-di-id=\"di-id-462fc075-91461c7b\" \/>No blanquear<\/span><\/li>\n<li class=\"gl-vspace-bpall-small\"><span style=\"color: #000000\"><img loading=\"lazy\" decoding=\"async\" src=\"https:\/\/jerseyloco.com\/wp-content\/uploads\/2020\/02\/donottumbledry.png\" alt=\"\" width=\"24\" height=\"24\" data-di-id=\"di-id-462fc075-dd9350a5\" \/>No secar en secadora<\/span><\/li>\n<li class=\"gl-vspace-bpall-small\"><span style=\"color: #000000\"><img loading=\"lazy\" decoding=\"async\" src=\"https:\/\/jerseyloco.com\/wp-content\/uploads\/2020\/02\/donotdryclean.png\" alt=\"\" width=\"24\" height=\"24\" data-di-id=\"di-id-462fc075-aa946033\" \/>No limpiar en seco<\/span><\/li>\n<li class=\"gl-vspace-bpall-small\"><span style=\"color: #000000\"><img loading=\"lazy\" decoding=\"async\" src=\"https:\/\/jerseyloco.com\/wp-content\/uploads\/2020\/02\/cooliron.png\" alt=\"\" width=\"24\" height=\"24\" data-di-id=\"di-id-462fc075-34f0f590\" \/>Retoque con plancha fr\u00eda<\/span><\/li>\n<li class=\"gl-vspace-bpall-small\"><span style=\"color: #000000\"><img loading=\"lazy\" decoding=\"async\" src=\"https:\/\/jerseyloco.com\/wp-content\/uploads\/2020\/02\/washcold.png\" alt=\"\" width=\"24\" height=\"24\" data-di-id=\"di-id-462fc075-43f7c506\" \/>Lavar a m\u00e1quina en fr\u00edo<\/span><\/li>\n<\/ul>\n<\/li>\n<\/ul>\n<h4 data-pm-slice=\"1 1 []\">Compre con confianza<\/h4>\n<p>Shop the 25\/26 Bayern Munich Home Jersey today and elevate your game-day experience. With Jersey Loco, supporting your team isn\u2019t just a pastime\u2014it\u2019s a way of life. Find your perfect fit now! Explore more designs in our <a href=\"https:\/\/www.jerseyloco.com\/collections\/limited-edition\">Colecci\u00f3n de edici\u00f3n limitada<\/a> \u00a1y completa tu look hoy mismo!<\/p>\n<div>\n<div>\n<div>\n<h5 class=\"heading___IO3QX\"><span style=\"color: #000000\"><strong>ESPECIFICACIONES<\/strong><\/span><\/h5>\n<div class=\"bullets___NV9iB\">\n<ul class=\"gl-list gl-list--s\">\n<li class=\"gl-vspace-bpall-small\"><span style=\"color: #000000\">Corte normal<\/span><\/li>\n<li class=\"gl-vspace-bpall-small\"><span style=\"color: #000000\">100% Poli\u00e9ster<\/span><\/li>\n<li class=\"gl-vspace-bpall-small\"><span style=\"color: #000000\">Escudo bordado<\/span><\/li>\n<li class=\"gl-vspace-bpall-small\"><span style=\"color: #000000\">Importado<\/span><\/li>\n<\/ul><\/div>\n<\/p><\/div>\n<\/p><\/div>\n<\/p><\/div>\n<div>\n<div class=\"care-instructions___2VxDM\"><\/div>\n<\/p><\/div>\n<\/p><\/div>\n<p><i class=\"fa fa-ruler\" style=\"color: black\"><\/i> <a style=\"color: black\" href=\"https:\/\/jerseyloco.com\/size-chart\/\" target=\"_blank\" rel=\"noopener\">Tabla de tallas<\/a><\/p>","protected":false},"excerpt":{"rendered":"<p>The 25\/26 Bayern Munich Home Jersey From Jersey Loco Stand proud with the 25\/26 Bayern Munich Home Jersey\u2014an iconic representation of Germany\u2019s most successful club&#8230;.<\/p>","protected":false},"featured_media":3358,"comment_status":"open","ping_status":"closed","template":"","meta":[],"etheme_brands":[],"product_brand":[],"product_cat":[57,58],"product_tag":[],"class_list":{"0":"post-3348","1":"product","2":"type-product","3":"status-publish","4":"has-post-thumbnail","6":"product_cat-women","7":"product_cat-womens-club","9":"first","10":"instock","11":"sale","12":"taxable","13":"shipping-taxable","14":"purchasable","15":"product-type-variable"},"aioseo_notices":[],"_links":{"self":[{"href":"https:\/\/footjerseys.com\/es\/wp-json\/wp\/v2\/product\/3348","targetHints":{"allow":["GET"]}}],"collection":[{"href":"https:\/\/footjerseys.com\/es\/wp-json\/wp\/v2\/product"}],"about":[{"href":"https:\/\/footjerseys.com\/es\/wp-json\/wp\/v2\/types\/product"}],"replies":[{"embeddable":true,"href":"https:\/\/footjerseys.com\/es\/wp-json\/wp\/v2\/comments?post=3348"}],"version-history":[{"count":1,"href":"https:\/\/footjerseys.com\/es\/wp-json\/wp\/v2\/product\/3348\/revisions"}],"predecessor-version":[{"id":3359,"href":"https:\/\/footjerseys.com\/es\/wp-json\/wp\/v2\/product\/3348\/revisions\/3359"}],"wp:featuredmedia":[{"embeddable":true,"href":"https:\/\/footjerseys.com\/es\/wp-json\/wp\/v2\/media\/3358"}],"wp:attachment":[{"href":"https:\/\/footjerseys.com\/es\/wp-json\/wp\/v2\/media?parent=3348"}],"wp:term":[{"taxonomy":"brand","embeddable":true,"href":"https:\/\/footjerseys.com\/es\/wp-json\/wp\/v2\/etheme_brands?post=3348"},{"taxonomy":"product_brand","embeddable":true,"href":"https:\/\/footjerseys.com\/es\/wp-json\/wp\/v2\/product_brand?post=3348"},{"taxonomy":"product_cat","embeddable":true,"href":"https:\/\/footjerseys.com\/es\/wp-json\/wp\/v2\/product_cat?post=3348"},{"taxonomy":"product_tag","embeddable":true,"href":"https:\/\/footjerseys.com\/es\/wp-json\/wp\/v2\/product_tag?post=3348"}],"curies":[{"name":"wp","href":"https:\/\/api.w.org\/{rel}","templated":true}]}}