{"id":4386,"date":"2025-08-09T20:34:48","date_gmt":"2025-08-09T20:34:48","guid":{"rendered":"https:\/\/mediumpurple-chough-859003.hostingersite.com\/?post_type=product&#038;p=4386"},"modified":"2025-11-16T17:32:07","modified_gmt":"2025-11-16T17:32:07","slug":"25-26-al-hilal-kidsuper-jersey","status":"publish","type":"product","link":"https:\/\/footjerseys.com\/es\/products\/25-26-al-hilal-kidsuper-jersey\/","title":{"rendered":"25\/26 Camiseta Al Hilal KidSuper"},"content":{"rendered":"<h4 data-pm-slice=\"1 1 []\"><strong>25\/26 Al Hilal KidSuper Jersey De Jersey Loco<\/strong><\/h4>\n<p>Donde el arte se une a la ambici\u00f3n. La camiseta 25\/26 Al Hilal KidSuper Jersey de Puma supera los l\u00edmites de la tradici\u00f3n con un dise\u00f1o atrevido y orgullo saud\u00ed. Esta colaboraci\u00f3n exclusiva fusiona la est\u00e9tica creativa de KidSuper con el legado de uno de los clubes m\u00e1s laureados de Asia.<\/p>\n<h4>Dise\u00f1o ic\u00f3nico para todos los fans<\/h4>\n<p>Los colores \u00fanicos y los elementos dibujados a mano le dan un aire art\u00edstico, mientras que el escudo bordado del Al Hilal y el logotipo de Puma le dan autenticidad. Fabricada con tecnolog\u00eda de rendimiento dryCELL, esta camiseta mantiene a los aficionados secos, c\u00f3modos y preparados para cualquier momento.<\/p>\n<h4>Explore las selecciones Premium<\/h4>\n<p>Descubre m\u00e1s camisetas exclusivas de equipos internacionales en nuestras amplias colecciones. Cada pieza refleja el compromiso inquebrantable de Jersey Loco con la calidad, ayud\u00e1ndote a crear el vestuario definitivo para el d\u00eda del partido. Busca un producto similar en nuestra <a href=\"https:\/\/jerseyloco.com\/product-category\/limited-edition\/\">Colecci\u00f3n de edici\u00f3n limitada<\/a> o explore m\u00e1s en nuestra <a href=\"https:\/\/jerseyloco.com\/product-category\/club-world-cup\/\">Colecci\u00f3n de la Copa Mundial de Clubes<\/a> para encontrar la pareja perfecta.<\/p>\n<h4>Compre con confianza<\/h4>\n<p>Compra hoy el 25\/26 Al Hilal KidSuper Jersey y eleva tu experiencia el d\u00eda del partido. Con Jersey Loco, apoyar a tu equipo no es s\u00f3lo un pasatiempo, es una forma de vida. \u00a1Encuentra tu talla perfecta ahora!<\/p>\n<p>PAUTAS DE CUIDADO PARA UN RENDIMIENTO DURADERO<\/p>\n<p>Siga estas instrucciones de cuidado para que su maillot est\u00e9 siempre listo para el partido:<\/p>\n<p>INSTRUCCIONES DE LAVADO<\/p>\n<ul data-spread=\"false\">\n<li>No blanquear<\/li>\n<li>No secar en secadora<\/li>\n<li>No limpiar en seco<\/li>\n<li>Retoque con una plancha fr\u00eda<\/li>\n<li>Lavar a m\u00e1quina en fr\u00edo<\/li>\n<\/ul>\n<p>ESPECIFICACIONES<\/p>\n<ul data-spread=\"false\">\n<li>Corte normal<\/li>\n<li>100% Poli\u00e9ster<\/li>\n<li>Escudo bordado y marca Puma<\/li>\n<li>Importado<\/li>\n<\/ul>\n<p><a href=\"https:\/\/jerseyloco.com\/size-chart\/\">Ver nuestra tabla de tallas<\/a><\/p>","protected":false},"excerpt":{"rendered":"<p>25\/26 Al Hilal KidSuper Jersey From Jersey Loco Where art meets ambition. The 25\/26 Al Hilal KidSuper Jersey by Puma pushes the limits of tradition&#8230;<\/p>","protected":false},"featured_media":4398,"comment_status":"open","ping_status":"closed","template":"","meta":[],"etheme_brands":[],"product_brand":[],"product_cat":[60],"product_tag":[],"class_list":{"0":"post-4386","1":"product","2":"type-product","3":"status-publish","4":"has-post-thumbnail","6":"product_cat-other","8":"first","9":"instock","10":"sale","11":"taxable","12":"shipping-taxable","13":"purchasable","14":"product-type-variable"},"aioseo_notices":[],"_links":{"self":[{"href":"https:\/\/footjerseys.com\/es\/wp-json\/wp\/v2\/product\/4386","targetHints":{"allow":["GET"]}}],"collection":[{"href":"https:\/\/footjerseys.com\/es\/wp-json\/wp\/v2\/product"}],"about":[{"href":"https:\/\/footjerseys.com\/es\/wp-json\/wp\/v2\/types\/product"}],"replies":[{"embeddable":true,"href":"https:\/\/footjerseys.com\/es\/wp-json\/wp\/v2\/comments?post=4386"}],"version-history":[{"count":1,"href":"https:\/\/footjerseys.com\/es\/wp-json\/wp\/v2\/product\/4386\/revisions"}],"predecessor-version":[{"id":4399,"href":"https:\/\/footjerseys.com\/es\/wp-json\/wp\/v2\/product\/4386\/revisions\/4399"}],"wp:featuredmedia":[{"embeddable":true,"href":"https:\/\/footjerseys.com\/es\/wp-json\/wp\/v2\/media\/4398"}],"wp:attachment":[{"href":"https:\/\/footjerseys.com\/es\/wp-json\/wp\/v2\/media?parent=4386"}],"wp:term":[{"taxonomy":"brand","embeddable":true,"href":"https:\/\/footjerseys.com\/es\/wp-json\/wp\/v2\/etheme_brands?post=4386"},{"taxonomy":"product_brand","embeddable":true,"href":"https:\/\/footjerseys.com\/es\/wp-json\/wp\/v2\/product_brand?post=4386"},{"taxonomy":"product_cat","embeddable":true,"href":"https:\/\/footjerseys.com\/es\/wp-json\/wp\/v2\/product_cat?post=4386"},{"taxonomy":"product_tag","embeddable":true,"href":"https:\/\/footjerseys.com\/es\/wp-json\/wp\/v2\/product_tag?post=4386"}],"curies":[{"name":"wp","href":"https:\/\/api.w.org\/{rel}","templated":true}]}}