{"id":5509,"date":"2025-08-20T16:24:07","date_gmt":"2025-08-20T16:24:07","guid":{"rendered":"https:\/\/footjerseys.com\/products\/1974-holland-netherlands-retro-kit\/"},"modified":"2025-11-16T17:31:59","modified_gmt":"2025-11-16T17:31:59","slug":"1974-holland-netherlands-retro-kit","status":"publish","type":"product","link":"https:\/\/footjerseys.com\/es\/products\/1974-holland-netherlands-retro-kit\/","title":{"rendered":"1974 Holanda Holanda retro kit"},"content":{"rendered":"<p>La equipaci\u00f3n retro Holland Training de 1974 es una pieza ic\u00f3nica de recuerdos futbol\u00edsticos que captura la esencia de uno de los equipos m\u00e1s c\u00e9lebres de la historia del f\u00fatbol. Esta equipaci\u00f3n cl\u00e1sica, utilizada por la legendaria selecci\u00f3n holandesa durante su preparaci\u00f3n para el Mundial de 1974, presenta el caracter\u00edstico color naranja que se ha convertido en sin\u00f3nimo del f\u00fatbol holand\u00e9s. La equipaci\u00f3n retro Holland Training de 1974 encarna el estilo y la innovaci\u00f3n de la era del \"F\u00fatbol Total\", un estilo de juego revolucionario que deslumbr\u00f3 a los aficionados y dej\u00f3 una huella indeleble en este deporte. El dise\u00f1o sencillo pero atrevido, con detalles minimalistas, refleja el enfoque del equipo en la elegancia y la eficiencia.<\/p>\n<p>Confeccionada con gran atenci\u00f3n al detalle, la equipaci\u00f3n retro Holland Training 1974 reproduce la est\u00e9tica original con un confort moderno. El tejido suave y transpirable garantiza un ajuste c\u00f3modo, mientras que los elementos de dise\u00f1o retro, como el cl\u00e1sico cuello redondo y el corte sencillo, evocan el encanto vintage de la d\u00e9cada de 1970. La equipaci\u00f3n retro Holland Training de 1974 es un homenaje a la \u00e9poca dorada del f\u00fatbol holand\u00e9s, liderada por jugadores emblem\u00e1ticos como Johan Cruyff y Johan Neeskens. Celebra el genio t\u00e1ctico y el esp\u00edritu creativo que definieron al equipo y capturaron la imaginaci\u00f3n de los aficionados al f\u00fatbol de todo el mundo.<\/p>\n<p>Para los entusiastas y coleccionistas, la equipaci\u00f3n retro Training de Holanda de 1974 es algo m\u00e1s que una prenda de vestir: es un s\u00edmbolo de un periodo revolucionario de la historia del f\u00fatbol. Llevar esta equipaci\u00f3n conecta a los aficionados con el legado de un equipo que redefini\u00f3 el juego con su estilo innovador y su brillantez t\u00e1ctica. La equipaci\u00f3n retro Holland Training de 1974 no s\u00f3lo conmemora los logros de la selecci\u00f3n holandesa, sino que tambi\u00e9n sirve como recordatorio del atractivo atemporal de su forma de entender el f\u00fatbol. Se trata de un preciado art\u00edculo que representa el orgullo y la pasi\u00f3n del f\u00fatbol holand\u00e9s, por lo que es un art\u00edculo imprescindible para cualquier aficionado que aprecie la belleza y la historia de este deporte.<img decoding=\"async\" alt=\"\" src=\"https:\/\/footjerseys.com\/wp-content\/uploads\/2025\/08\/Screenshot_2024-08-05_at_22.49.42-1.png\"><\/p>\n<p><!----><\/p>","protected":false},"excerpt":{"rendered":"<p>The 1974 Holland Training retro kit is an iconic piece of football memorabilia that captures the essence of one of the most celebrated teams in&#8230;<\/p>","protected":false},"featured_media":7583,"comment_status":"open","ping_status":"closed","template":"","meta":[],"etheme_brands":[],"product_brand":[],"product_cat":[25,364],"product_tag":[98,99,95],"class_list":{"0":"post-5509","1":"product","2":"type-product","3":"status-publish","4":"has-post-thumbnail","6":"product_cat-all","7":"product_cat-retro-jerseys","8":"product_tag-holland","9":"product_tag-netherland","10":"product_tag-size","12":"first","13":"instock","14":"taxable","15":"shipping-taxable","16":"purchasable","17":"product-type-variable"},"aioseo_notices":[],"_links":{"self":[{"href":"https:\/\/footjerseys.com\/es\/wp-json\/wp\/v2\/product\/5509","targetHints":{"allow":["GET"]}}],"collection":[{"href":"https:\/\/footjerseys.com\/es\/wp-json\/wp\/v2\/product"}],"about":[{"href":"https:\/\/footjerseys.com\/es\/wp-json\/wp\/v2\/types\/product"}],"replies":[{"embeddable":true,"href":"https:\/\/footjerseys.com\/es\/wp-json\/wp\/v2\/comments?post=5509"}],"version-history":[{"count":4,"href":"https:\/\/footjerseys.com\/es\/wp-json\/wp\/v2\/product\/5509\/revisions"}],"predecessor-version":[{"id":34833,"href":"https:\/\/footjerseys.com\/es\/wp-json\/wp\/v2\/product\/5509\/revisions\/34833"}],"wp:featuredmedia":[{"embeddable":true,"href":"https:\/\/footjerseys.com\/es\/wp-json\/wp\/v2\/media\/7583"}],"wp:attachment":[{"href":"https:\/\/footjerseys.com\/es\/wp-json\/wp\/v2\/media?parent=5509"}],"wp:term":[{"taxonomy":"brand","embeddable":true,"href":"https:\/\/footjerseys.com\/es\/wp-json\/wp\/v2\/etheme_brands?post=5509"},{"taxonomy":"product_brand","embeddable":true,"href":"https:\/\/footjerseys.com\/es\/wp-json\/wp\/v2\/product_brand?post=5509"},{"taxonomy":"product_cat","embeddable":true,"href":"https:\/\/footjerseys.com\/es\/wp-json\/wp\/v2\/product_cat?post=5509"},{"taxonomy":"product_tag","embeddable":true,"href":"https:\/\/footjerseys.com\/es\/wp-json\/wp\/v2\/product_tag?post=5509"}],"curies":[{"name":"wp","href":"https:\/\/api.w.org\/{rel}","templated":true}]}}