{"id":5560,"date":"2025-08-20T16:24:13","date_gmt":"2025-08-20T16:24:13","guid":{"rendered":"https:\/\/footjerseys.com\/products\/1986-1987-napoli-home-retro-kit\/"},"modified":"2025-11-16T17:31:58","modified_gmt":"2025-11-16T17:31:58","slug":"1986-1987-napoli-home-retro-kit","status":"publish","type":"product","link":"https:\/\/footjerseys.com\/es\/products\/1986-1987-napoli-home-retro-kit\/","title":{"rendered":"1986-1987 Napoli Home retro kit"},"content":{"rendered":"<p>La equipaci\u00f3n retro del N\u00e1poles de 1986-1987 es una pieza c\u00e9lebre de la historia del f\u00fatbol, que captura la esencia de la \u00e9poca m\u00e1s emblem\u00e1tica del SSC N\u00e1poles. Llevada durante la temporada en la que Diego Maradona condujo al N\u00e1poles a su primer t\u00edtulo de la Serie A, esta equipaci\u00f3n retro presenta el distintivo color azul cielo que se ha convertido en sin\u00f3nimo del club. El dise\u00f1o incluye el cl\u00e1sico escudo del N\u00e1poles en el pecho y un cuello sencillo y elegante que refleja el estilo de mediados de los 80. La equipaci\u00f3n retro del N\u00e1poles de 1986-1987 es un recuerdo nost\u00e1lgico de la \u00e9poca dorada del club y del impacto transformador de Maradona en el equipo.<\/p>\n<p>Confeccionada para reproducir la equipaci\u00f3n original, la camiseta retro del N\u00e1poles de 1986-1987 combina la est\u00e9tica vintage con la comodidad moderna. La camiseta est\u00e1 fabricada con materiales de alta calidad que garantizan durabilidad y un ajuste c\u00f3modo, adecuado tanto para exhibici\u00f3n como para uso casual. El ic\u00f3nico color azul cielo se complementa con sutiles detalles en blanco, incluidos el cuello y los logotipos de los patrocinadores, que realzan su aspecto cl\u00e1sico. Esta equipaci\u00f3n retro representa fielmente el dise\u00f1o usado durante uno de los periodos m\u00e1s exitosos de la historia del N\u00e1poles, celebrando los logros del equipo y a sus legendarios jugadores.<\/p>\n<p>Para los aficionados y coleccionistas, la equipaci\u00f3n retro del N\u00e1poles de 1986-1987 es algo m\u00e1s que una prenda de vestir: es un preciado artefacto del patrimonio futbol\u00edstico. Llevar esta equipaci\u00f3n conecta a los aficionados con el pasado triunfal del club, evocando recuerdos de la brillantez de Maradona y del hist\u00f3rico t\u00edtulo de Serie A conquistado por el N\u00e1poles. Es un homenaje al legado del club y a los momentos emblem\u00e1ticos que definieron una generaci\u00f3n de f\u00fatbol. Tanto si se lleva para celebrar la historia del N\u00e1poles como si se exhibe como pieza de coleccionista, la equipaci\u00f3n retro del N\u00e1poles de 1986-1987 sigue siendo un s\u00edmbolo intemporal del \u00e9xito del club y del esp\u00edritu perdurable de su afici\u00f3n.<img decoding=\"async\" alt=\"\" src=\"https:\/\/footjerseys.com\/wp-content\/uploads\/2025\/08\/Screenshot_2024-08-05_at_23.54.28-1.png\"><\/p>\n<p><!----><\/p>","protected":false},"excerpt":{"rendered":"<p>The 1986-1987 Napoli Home Retro Kit is a celebrated piece of football history, capturing the essence of SSC Napoli&#8217;s most iconic era. Worn during the&#8230;<\/p>","protected":false},"featured_media":7614,"comment_status":"open","ping_status":"closed","template":"","meta":[],"etheme_brands":[],"product_brand":[],"product_cat":[25,364],"product_tag":[105,106,95],"class_list":{"0":"post-5560","1":"product","2":"type-product","3":"status-publish","4":"has-post-thumbnail","6":"product_cat-all","7":"product_cat-retro-jerseys","8":"product_tag-naples","9":"product_tag-napoli","10":"product_tag-size","12":"first","13":"instock","14":"taxable","15":"shipping-taxable","16":"purchasable","17":"product-type-variable"},"aioseo_notices":[],"_links":{"self":[{"href":"https:\/\/footjerseys.com\/es\/wp-json\/wp\/v2\/product\/5560","targetHints":{"allow":["GET"]}}],"collection":[{"href":"https:\/\/footjerseys.com\/es\/wp-json\/wp\/v2\/product"}],"about":[{"href":"https:\/\/footjerseys.com\/es\/wp-json\/wp\/v2\/types\/product"}],"replies":[{"embeddable":true,"href":"https:\/\/footjerseys.com\/es\/wp-json\/wp\/v2\/comments?post=5560"}],"version-history":[{"count":4,"href":"https:\/\/footjerseys.com\/es\/wp-json\/wp\/v2\/product\/5560\/revisions"}],"predecessor-version":[{"id":34837,"href":"https:\/\/footjerseys.com\/es\/wp-json\/wp\/v2\/product\/5560\/revisions\/34837"}],"wp:featuredmedia":[{"embeddable":true,"href":"https:\/\/footjerseys.com\/es\/wp-json\/wp\/v2\/media\/7614"}],"wp:attachment":[{"href":"https:\/\/footjerseys.com\/es\/wp-json\/wp\/v2\/media?parent=5560"}],"wp:term":[{"taxonomy":"brand","embeddable":true,"href":"https:\/\/footjerseys.com\/es\/wp-json\/wp\/v2\/etheme_brands?post=5560"},{"taxonomy":"product_brand","embeddable":true,"href":"https:\/\/footjerseys.com\/es\/wp-json\/wp\/v2\/product_brand?post=5560"},{"taxonomy":"product_cat","embeddable":true,"href":"https:\/\/footjerseys.com\/es\/wp-json\/wp\/v2\/product_cat?post=5560"},{"taxonomy":"product_tag","embeddable":true,"href":"https:\/\/footjerseys.com\/es\/wp-json\/wp\/v2\/product_tag?post=5560"}],"curies":[{"name":"wp","href":"https:\/\/api.w.org\/{rel}","templated":true}]}}