{"id":6848,"date":"2025-08-20T16:25:57","date_gmt":"2025-08-20T16:25:57","guid":{"rendered":"https:\/\/footjerseys.com\/products\/2024-2025-napoli-home-jersey\/"},"modified":"2025-11-16T17:31:49","modified_gmt":"2025-11-16T17:31:49","slug":"23-24-napoli-home","status":"publish","type":"product","link":"https:\/\/footjerseys.com\/es\/products\/23-24-napoli-home\/","title":{"rendered":"Camiseta local del N\u00e1poles 2024-2025"},"content":{"rendered":"<p>La camiseta local del N\u00e1poles 2024-2025 es una asombrosa mezcla de tradici\u00f3n y modernidad, que captura la esencia de la rica herencia futbol\u00edstica del N\u00e1poles a la vez que incorpora elementos de dise\u00f1o contempor\u00e1neo. Dominada por el azul celeste caracter\u00edstico del club, la camiseta es un s\u00edmbolo de la identidad y el orgullo del equipo. El dise\u00f1o de esta temporada presenta un sutil efecto degradado, pasando de un azul intenso en los hombros a un tono m\u00e1s claro hacia la parte inferior, lo que confiere a la camiseta un aspecto din\u00e1mico y fresco. El tejido est\u00e1 adornado con un delicado estampado inspirado en las olas del mar Mediterr\u00e1neo, que rinde homenaje a la belleza costera y a la historia mar\u00edtima de N\u00e1poles.<\/p>\n<p>La camiseta est\u00e1 confeccionada con materiales de alto rendimiento que garantizan tanto la comodidad como la durabilidad, satisfaciendo las necesidades de jugadores y aficionados por igual. El tejido ligero y transpirable est\u00e1 dise\u00f1ado para mejorar el rendimiento deportivo, proporcionando una excelente capacidad de absorci\u00f3n de la humedad para mantener a los jugadores frescos y secos durante los partidos intensos. El corte de la camiseta es entallado pero c\u00f3modo, ofreciendo una silueta moderna sin comprometer la facilidad de movimiento. Sus principales caracter\u00edsticas son el cl\u00e1sico cuello en V y el emblem\u00e1tico escudo del club en el pecho, junto con el logotipo del patrocinador principal, que se ha integrado con gusto en el dise\u00f1o.<\/p>\n<p>M\u00e1s all\u00e1 de sus atributos t\u00e9cnicos, la camiseta local del N\u00e1poles 2024-2025 sirve como emblema cultural, resonando con los apasionados seguidores del club. El dise\u00f1o no es s\u00f3lo un gui\u00f1o al pasado hist\u00f3rico del equipo, sino tambi\u00e9n una declaraci\u00f3n de futuro, ya que el N\u00e1poles sigue construyendo sobre su legado. La refinada est\u00e9tica de la camiseta y la atenci\u00f3n al detalle la convierten en una prenda destacada, atractiva tanto para los aficionados al f\u00fatbol como para los amantes de la moda. Ya sea en las gradas del estadio Diego Armando Maradona o en las calles de N\u00e1poles, esta camiseta es una celebraci\u00f3n del esp\u00edritu vibrante de la ciudad y del atractivo perdurable del club.<img decoding=\"async\" alt=\"\" src=\"https:\/\/footjerseys.com\/wp-content\/uploads\/2025\/08\/IMG_6796.jpg\"><\/p>\n<p><!----><\/p>","protected":false},"excerpt":{"rendered":"<p>The 2024-2025 Napoli Home Jersey is a stunning blend of tradition and modernity, capturing the essence of Napoli&#8217;s rich football heritage while incorporating contemporary design&#8230;<\/p>","protected":false},"featured_media":15059,"comment_status":"open","ping_status":"closed","template":"","meta":[],"etheme_brands":[],"product_brand":[],"product_cat":[357,25],"product_tag":[97,106,95],"class_list":{"0":"post-6848","1":"product","2":"type-product","3":"status-publish","4":"has-post-thumbnail","6":"product_cat-2024-2025-kits","7":"product_cat-all","8":"product_tag-arrival","9":"product_tag-napoli","10":"product_tag-size","12":"first","13":"instock","14":"taxable","15":"shipping-taxable","16":"purchasable","17":"product-type-variable"},"aioseo_notices":[],"_links":{"self":[{"href":"https:\/\/footjerseys.com\/es\/wp-json\/wp\/v2\/product\/6848","targetHints":{"allow":["GET"]}}],"collection":[{"href":"https:\/\/footjerseys.com\/es\/wp-json\/wp\/v2\/product"}],"about":[{"href":"https:\/\/footjerseys.com\/es\/wp-json\/wp\/v2\/types\/product"}],"replies":[{"embeddable":true,"href":"https:\/\/footjerseys.com\/es\/wp-json\/wp\/v2\/comments?post=6848"}],"version-history":[{"count":4,"href":"https:\/\/footjerseys.com\/es\/wp-json\/wp\/v2\/product\/6848\/revisions"}],"predecessor-version":[{"id":34900,"href":"https:\/\/footjerseys.com\/es\/wp-json\/wp\/v2\/product\/6848\/revisions\/34900"}],"wp:featuredmedia":[{"embeddable":true,"href":"https:\/\/footjerseys.com\/es\/wp-json\/wp\/v2\/media\/15059"}],"wp:attachment":[{"href":"https:\/\/footjerseys.com\/es\/wp-json\/wp\/v2\/media?parent=6848"}],"wp:term":[{"taxonomy":"brand","embeddable":true,"href":"https:\/\/footjerseys.com\/es\/wp-json\/wp\/v2\/etheme_brands?post=6848"},{"taxonomy":"product_brand","embeddable":true,"href":"https:\/\/footjerseys.com\/es\/wp-json\/wp\/v2\/product_brand?post=6848"},{"taxonomy":"product_cat","embeddable":true,"href":"https:\/\/footjerseys.com\/es\/wp-json\/wp\/v2\/product_cat?post=6848"},{"taxonomy":"product_tag","embeddable":true,"href":"https:\/\/footjerseys.com\/es\/wp-json\/wp\/v2\/product_tag?post=6848"}],"curies":[{"name":"wp","href":"https:\/\/api.w.org\/{rel}","templated":true}]}}