{"id":6950,"date":"2025-08-20T16:26:10","date_gmt":"2025-08-20T16:26:10","guid":{"rendered":"https:\/\/footjerseys.com\/products\/23-24-germany-x-stussy-limited-eidition\/"},"modified":"2025-11-16T17:31:48","modified_gmt":"2025-11-16T17:31:48","slug":"23-24-germany-x-stussy-limited-eidition","status":"publish","type":"product","link":"https:\/\/footjerseys.com\/es\/products\/23-24-germany-x-stussy-limited-eidition\/","title":{"rendered":"23\/24 EDICI\u00d3N LIMITADA ALEMANIA X STUSSY"},"content":{"rendered":"<p>Presentamos la camiseta de edici\u00f3n especial Germany X Stussy, una extraordinaria colaboraci\u00f3n que combina el rico legado futbol\u00edstico de la selecci\u00f3n alemana con el vanguardista dise\u00f1o streetwear de Stussy. Disponible en exclusiva en nuestro sitio web, Xclusive Jerseys, esta camiseta de edici\u00f3n limitada es una prenda imprescindible para los aficionados al f\u00fatbol alem\u00e1n y a la moda innovadora. La Germany X Stussy Special Edition Jersey representa una fusi\u00f3n perfecta de tradici\u00f3n y modernidad, con un dise\u00f1o \u00fanico que eleva la ropa de f\u00fatbol a nuevas cotas.<\/p>\n<p>En Xclusive Jerseys, nos comprometemos a proporcionar servicios de env\u00edo de primera clase, garantizando que los aficionados de todo el mundo puedan acceder f\u00e1cilmente a la camiseta Germany X Stussy Special Edition. Nuestras camisetas son famosas por su calidad superior, lo que las convierte en una opci\u00f3n destacada para los clientes m\u00e1s exigentes. La Germany X Stussy Special Edition Jersey ejemplifica nuestra dedicaci\u00f3n a ofrecer moda futbol\u00edstica de primer nivel, con materiales de primera calidad y un dise\u00f1o vanguardista que captura la esencia de ambas marcas.<\/p>\n<p>Con un historial probado de entrega de camisetas de edici\u00f3n especial de primera calidad, nos hemos consolidado como l\u00edderes del mercado. Tanto si est\u00e1s en Alemania, Finlandia, el Reino Unido o cualquier otra parte del mundo, Xclusive Jerseys es tu destino para conseguir las mejores camisetas de f\u00fatbol de edici\u00f3n especial. La camiseta de edici\u00f3n especial Alemania X Stussy pone de relieve nuestro compromiso de ofrecer prendas de f\u00fatbol exclusivas y de alta calidad a los aficionados de todo el mundo.<\/p>\n<p>No te pierdas esta exclusiva colaboraci\u00f3n. Pide hoy tu Camiseta Edici\u00f3n Especial Alemania X Stussy en Xclusive Jerseys y experimenta la mezcla perfecta de estilo y herencia futbol\u00edstica. Esta camiseta, con su dise\u00f1o innovador y artesan\u00eda de primera calidad, es un testimonio de la asociaci\u00f3n din\u00e1mica entre el equipo nacional alem\u00e1n y Stussy, por lo que es una pieza destacada para cualquier entusiasta del f\u00fatbol o aficionado a la moda.<\/p>\n<p>Disfruta de la mezcla \u00fanica de la historia del f\u00fatbol alem\u00e1n y el estilo streetwear de Stussy con la camiseta Germany X Stussy Special Edition. En exclusiva en Xclusive Jerseys, esta pieza de edici\u00f3n limitada es una celebraci\u00f3n de la creatividad y la pasi\u00f3n por el f\u00fatbol, hecha a mano para ofrecer a los aficionados una camiseta \u00fanica que realmente se destaca. No pierdas la oportunidad de tener la camiseta Germany X Stussy Special Edition.<img decoding=\"async\" src=\"https:\/\/footjerseys.com\/wp-content\/uploads\/2025\/08\/size_chart_6ba685bb-6a0e-41af-933e-36b24a1a6f0b.jpg\" alt=\"\" \/><\/p>\n<p>&nbsp;<\/p>","protected":false},"excerpt":{"rendered":"<p>Introducing the Germany X Stussy Special Edition Jersey, an extraordinary collaboration that combines the rich footballing heritage of the German national team with Stussy&#8217;s cutting-edge&#8230;<\/p>","protected":false},"featured_media":15172,"comment_status":"open","ping_status":"closed","template":"","meta":[],"etheme_brands":[],"product_brand":[],"product_cat":[25,359,365],"product_tag":[97,95,143],"class_list":{"0":"post-6950","1":"product","2":"type-product","3":"status-publish","4":"has-post-thumbnail","6":"product_cat-all","7":"product_cat-exclusive-concept-jerseys","8":"product_cat-stussy-special-edition-jerseys","9":"product_tag-arrival","10":"product_tag-size","11":"product_tag-stussy","13":"first","14":"instock","15":"taxable","16":"shipping-taxable","17":"purchasable","18":"product-type-variable"},"aioseo_notices":[],"_links":{"self":[{"href":"https:\/\/footjerseys.com\/es\/wp-json\/wp\/v2\/product\/6950","targetHints":{"allow":["GET"]}}],"collection":[{"href":"https:\/\/footjerseys.com\/es\/wp-json\/wp\/v2\/product"}],"about":[{"href":"https:\/\/footjerseys.com\/es\/wp-json\/wp\/v2\/types\/product"}],"replies":[{"embeddable":true,"href":"https:\/\/footjerseys.com\/es\/wp-json\/wp\/v2\/comments?post=6950"}],"version-history":[{"count":5,"href":"https:\/\/footjerseys.com\/es\/wp-json\/wp\/v2\/product\/6950\/revisions"}],"predecessor-version":[{"id":36020,"href":"https:\/\/footjerseys.com\/es\/wp-json\/wp\/v2\/product\/6950\/revisions\/36020"}],"wp:featuredmedia":[{"embeddable":true,"href":"https:\/\/footjerseys.com\/es\/wp-json\/wp\/v2\/media\/15172"}],"wp:attachment":[{"href":"https:\/\/footjerseys.com\/es\/wp-json\/wp\/v2\/media?parent=6950"}],"wp:term":[{"taxonomy":"brand","embeddable":true,"href":"https:\/\/footjerseys.com\/es\/wp-json\/wp\/v2\/etheme_brands?post=6950"},{"taxonomy":"product_brand","embeddable":true,"href":"https:\/\/footjerseys.com\/es\/wp-json\/wp\/v2\/product_brand?post=6950"},{"taxonomy":"product_cat","embeddable":true,"href":"https:\/\/footjerseys.com\/es\/wp-json\/wp\/v2\/product_cat?post=6950"},{"taxonomy":"product_tag","embeddable":true,"href":"https:\/\/footjerseys.com\/es\/wp-json\/wp\/v2\/product_tag?post=6950"}],"curies":[{"name":"wp","href":"https:\/\/api.w.org\/{rel}","templated":true}]}}